{"id":9171,"date":"2019-10-24T20:35:36","date_gmt":"2019-10-24T20:35:36","guid":{"rendered":"https:\/\/www.allforhorses.ee\/?post_type=product&#038;p=9171"},"modified":"2022-11-30T08:30:56","modified_gmt":"2022-11-30T08:30:56","slug":"talvemantel-capuc","status":"publish","type":"product","link":"https:\/\/www.allforhorses.ee\/ru\/toode\/talvemantel-capuc\/","title":{"rendered":"Talvemantel &#171;Capuc&#187;"},"content":{"rendered":"","protected":false},"excerpt":{"rendered":"<p><strong>Talvemantel &#171;Capuc&#187; <\/strong>on elegantne ja tuulekindel. Esik\u00fcljel on 2 lukuga taskut. Mantlil on kaksipidi k\u00e4iv t\u00f5mbluk. K\u00fcljedel l\u00f5hikud k\u00e4ivad lukkudega avaramaks, et saaks ka sadulas mugavalt istuda. Masinpestav 40 kraadi juures. V\u00e4lismaterjal: 100% pol\u00fceester, sisematerjal: 100% pol\u00fceester.<br \/>\nSuurus: XS, S, M, L, XL, XXL.<\/p>\n<p><em>Talvemantel &#171;Capuc&#187; on ainult ettetellimisel(tarne 10-14 t\u00f6\u00f6p\u00e4eva).<\/em><\/p>\n","protected":false},"featured_media":9180,"template":"","meta":[],"product_brand":[],"product_cat":[109,122,123],"product_tag":[],"class_list":{"0":"post-9171","1":"product","2":"type-product","3":"status-publish","4":"has-post-thumbnail","6":"product_cat-ratsariided","7":"product_cat-ratsajoped-ja-vestid","8":"product_cat-ratsajoped-ja-mantlid","10":"first","11":"outofstock","12":"taxable","13":"shipping-taxable","14":"purchasable","15":"product-type-variable"},"_links":{"self":[{"href":"https:\/\/www.allforhorses.ee\/ru\/wp-json\/wp\/v2\/product\/9171","targetHints":{"allow":["GET"]}}],"collection":[{"href":"https:\/\/www.allforhorses.ee\/ru\/wp-json\/wp\/v2\/product"}],"about":[{"href":"https:\/\/www.allforhorses.ee\/ru\/wp-json\/wp\/v2\/types\/product"}],"wp:featuredmedia":[{"embeddable":true,"href":"https:\/\/www.allforhorses.ee\/ru\/wp-json\/wp\/v2\/media\/9180"}],"wp:attachment":[{"href":"https:\/\/www.allforhorses.ee\/ru\/wp-json\/wp\/v2\/media?parent=9171"}],"wp:term":[{"taxonomy":"product_brand","embeddable":true,"href":"https:\/\/www.allforhorses.ee\/ru\/wp-json\/wp\/v2\/product_brand?post=9171"},{"taxonomy":"product_cat","embeddable":true,"href":"https:\/\/www.allforhorses.ee\/ru\/wp-json\/wp\/v2\/product_cat?post=9171"},{"taxonomy":"product_tag","embeddable":true,"href":"https:\/\/www.allforhorses.ee\/ru\/wp-json\/wp\/v2\/product_tag?post=9171"}],"curies":[{"name":"wp","href":"https:\/\/api.w.org\/{rel}","templated":true}]}}