{"id":8852,"date":"2019-10-21T12:32:25","date_gmt":"2019-10-21T12:32:25","guid":{"rendered":"https:\/\/www.allforhorses.ee\/?post_type=product&#038;p=8852"},"modified":"2026-01-09T13:42:57","modified_gmt":"2026-01-09T13:42:57","slug":"talve-ratsakindad","status":"publish","type":"product","link":"https:\/\/www.allforhorses.ee\/ru\/toode\/talve-ratsakindad\/","title":{"rendered":"Talve Ratsakindad"},"content":{"rendered":"","protected":false},"excerpt":{"rendered":"<p><strong>Talve Ratsakindad<\/strong> on soojad. Kindad on elastse randmeosaga, tugevdatud ratsmekohad ei lase ratsmetel l\u00e4bi s\u00f5rmede libiseda. Materjal: 100% pol\u00fceester. Masinpestavad 30 kraadi programmi juures.<\/p>\n","protected":false},"featured_media":8858,"template":"","meta":[],"product_brand":[],"product_cat":[109,128,130],"product_tag":[],"class_list":{"0":"post-8852","1":"product","2":"type-product","3":"status-publish","4":"has-post-thumbnail","6":"product_cat-ratsariided","7":"product_cat-ratsakindad","8":"product_cat-soojad-ratsakindad","10":"first","11":"instock","12":"taxable","13":"shipping-taxable","14":"purchasable","15":"product-type-variable"},"_links":{"self":[{"href":"https:\/\/www.allforhorses.ee\/ru\/wp-json\/wp\/v2\/product\/8852","targetHints":{"allow":["GET"]}}],"collection":[{"href":"https:\/\/www.allforhorses.ee\/ru\/wp-json\/wp\/v2\/product"}],"about":[{"href":"https:\/\/www.allforhorses.ee\/ru\/wp-json\/wp\/v2\/types\/product"}],"wp:featuredmedia":[{"embeddable":true,"href":"https:\/\/www.allforhorses.ee\/ru\/wp-json\/wp\/v2\/media\/8858"}],"wp:attachment":[{"href":"https:\/\/www.allforhorses.ee\/ru\/wp-json\/wp\/v2\/media?parent=8852"}],"wp:term":[{"taxonomy":"product_brand","embeddable":true,"href":"https:\/\/www.allforhorses.ee\/ru\/wp-json\/wp\/v2\/product_brand?post=8852"},{"taxonomy":"product_cat","embeddable":true,"href":"https:\/\/www.allforhorses.ee\/ru\/wp-json\/wp\/v2\/product_cat?post=8852"},{"taxonomy":"product_tag","embeddable":true,"href":"https:\/\/www.allforhorses.ee\/ru\/wp-json\/wp\/v2\/product_tag?post=8852"}],"curies":[{"name":"wp","href":"https:\/\/api.w.org\/{rel}","templated":true}]}}