{"id":8127,"date":"2019-08-27T18:27:39","date_gmt":"2019-08-27T18:27:39","guid":{"rendered":"https:\/\/www.allforhorses.ee\/?post_type=product&#038;p=8127"},"modified":"2020-01-25T09:43:04","modified_gmt":"2020-01-25T09:43:04","slug":"naturaalse-lambakarvaga-pehmenduste-komplekt","status":"publish","type":"product","link":"https:\/\/www.allforhorses.ee\/ru\/toode\/naturaalse-lambakarvaga-pehmenduste-komplekt\/","title":{"rendered":"Naturaalse Lambakarvaga Pehmenduste Komplekt"},"content":{"rendered":"","protected":false},"excerpt":{"rendered":"<p><strong>Naturaalse Lambakarvaga Pehmenduste Komplekt<\/strong>\u00a0on\u00a0terapeutiliste ja antibakteriaalsete omadustega. Lambakarvaga pehmendus ennetab h\u00f5\u00f5rdumist ja harjutab survepunkte. 2-osaline pehmenduste komplekt sobib valjastele kui ka p\u00e4itsetele.<br \/>\nSuurus: 26 cm ja 30 cm.<\/p>\n","protected":false},"featured_media":8131,"template":"","meta":[],"product_brand":[],"product_cat":[158,212,228],"product_tag":[],"class_list":{"0":"post-8127","1":"product","2":"type-product","3":"status-publish","4":"has-post-thumbnail","6":"product_cat-hobusele","7":"product_cat-valjad-ja-tarvikud","8":"product_cat-kukla-ja-ninapehmendused","10":"first","11":"instock","12":"taxable","13":"shipping-taxable","14":"purchasable","15":"product-type-simple"},"_links":{"self":[{"href":"https:\/\/www.allforhorses.ee\/ru\/wp-json\/wp\/v2\/product\/8127","targetHints":{"allow":["GET"]}}],"collection":[{"href":"https:\/\/www.allforhorses.ee\/ru\/wp-json\/wp\/v2\/product"}],"about":[{"href":"https:\/\/www.allforhorses.ee\/ru\/wp-json\/wp\/v2\/types\/product"}],"wp:featuredmedia":[{"embeddable":true,"href":"https:\/\/www.allforhorses.ee\/ru\/wp-json\/wp\/v2\/media\/8131"}],"wp:attachment":[{"href":"https:\/\/www.allforhorses.ee\/ru\/wp-json\/wp\/v2\/media?parent=8127"}],"wp:term":[{"taxonomy":"product_brand","embeddable":true,"href":"https:\/\/www.allforhorses.ee\/ru\/wp-json\/wp\/v2\/product_brand?post=8127"},{"taxonomy":"product_cat","embeddable":true,"href":"https:\/\/www.allforhorses.ee\/ru\/wp-json\/wp\/v2\/product_cat?post=8127"},{"taxonomy":"product_tag","embeddable":true,"href":"https:\/\/www.allforhorses.ee\/ru\/wp-json\/wp\/v2\/product_tag?post=8127"}],"curies":[{"name":"wp","href":"https:\/\/api.w.org\/{rel}","templated":true}]}}