{"id":8110,"date":"2019-08-27T14:20:29","date_gmt":"2019-08-27T14:20:29","guid":{"rendered":"https:\/\/www.allforhorses.ee\/?post_type=product&#038;p=8110"},"modified":"2024-03-03T21:01:25","modified_gmt":"2024-03-03T21:01:25","slug":"horse-power-naha-ja-haava-kreem","status":"publish","type":"product","link":"https:\/\/www.allforhorses.ee\/ru\/toode\/horse-power-naha-ja-haava-kreem\/","title":{"rendered":"Horse Power Naha ja Haava Kreem"},"content":{"rendered":"<div class=\"wpb-content-wrapper\"><p>[vc_row][vc_column][\/vc_column][\/vc_row]<\/p>\n<\/div>","protected":false},"excerpt":{"rendered":"<p><strong>Horse Power Haava ja Naha Kreem<\/strong>(270ml) kiirendab kriimustatud, s\u00fcgeleva ja \u00e4rritunud naha paranemist. Sobib nahal\u00f5hede korral, samuti ka l\u00f5henenud suunurkade puhul. Sisaldab loomulikku naha paranemist aktiviseerivat antimikroobse ja antioks\u00fcdatiivse toimega kuuseokka ekstrakti.<br \/>\nV\u00e4ldi kontakti silmadega!<br \/>\nKoostis: Aloe vera extract, Picea alba extract, Eucalyptus Oil.<br \/>\nTootja: Fysioline OY.<\/p>\n","protected":false},"featured_media":8111,"template":"","meta":[],"product_brand":[],"product_cat":[757,158],"product_tag":[],"class_list":{"0":"post-8110","1":"product","2":"type-product","3":"status-publish","4":"has-post-thumbnail","6":"product_cat-hobuste-tervisehoid-2","7":"product_cat-hobusele","9":"first","10":"instock","11":"taxable","12":"shipping-taxable","13":"purchasable","14":"product-type-simple"},"_links":{"self":[{"href":"https:\/\/www.allforhorses.ee\/ru\/wp-json\/wp\/v2\/product\/8110","targetHints":{"allow":["GET"]}}],"collection":[{"href":"https:\/\/www.allforhorses.ee\/ru\/wp-json\/wp\/v2\/product"}],"about":[{"href":"https:\/\/www.allforhorses.ee\/ru\/wp-json\/wp\/v2\/types\/product"}],"wp:featuredmedia":[{"embeddable":true,"href":"https:\/\/www.allforhorses.ee\/ru\/wp-json\/wp\/v2\/media\/8111"}],"wp:attachment":[{"href":"https:\/\/www.allforhorses.ee\/ru\/wp-json\/wp\/v2\/media?parent=8110"}],"wp:term":[{"taxonomy":"product_brand","embeddable":true,"href":"https:\/\/www.allforhorses.ee\/ru\/wp-json\/wp\/v2\/product_brand?post=8110"},{"taxonomy":"product_cat","embeddable":true,"href":"https:\/\/www.allforhorses.ee\/ru\/wp-json\/wp\/v2\/product_cat?post=8110"},{"taxonomy":"product_tag","embeddable":true,"href":"https:\/\/www.allforhorses.ee\/ru\/wp-json\/wp\/v2\/product_tag?post=8110"}],"curies":[{"name":"wp","href":"https:\/\/api.w.org\/{rel}","templated":true}]}}