{"id":7897,"date":"2019-08-07T20:44:18","date_gmt":"2019-08-07T20:44:18","guid":{"rendered":"https:\/\/www.allforhorses.ee\/?post_type=product&#038;p=7897"},"modified":"2021-02-11T14:26:44","modified_gmt":"2021-02-11T14:26:44","slug":"soodaamber40-l","status":"publish","type":"product","link":"https:\/\/www.allforhorses.ee\/ru\/toode\/soodaamber40-l\/","title":{"rendered":"S\u00f6\u00f6da\u00e4mber(40 L)"},"content":{"rendered":"","protected":false},"excerpt":{"rendered":"<p><strong>S\u00f6\u00f6da\u00e4mber(40 l)<\/strong>\u00a0sobib\u00a0s\u00f6\u00f6da- ja veen\u00f5uks. S\u00f6\u00f6da\u00e4mber on v\u00e4ga lihtne ning seda saab kasutada nii tallis kui aias.<br \/>\nK\u00f5rgus 32 cm, \u00d8 44 cm.<br \/>\nV\u00e4rv: must.<\/p>\n<p>&nbsp;<\/p>\n","protected":false},"featured_media":7898,"template":"","meta":[],"product_brand":[],"product_cat":[145,146,149,148],"product_tag":[],"class_list":{"0":"post-7897","1":"product","2":"type-product","3":"status-publish","4":"has-post-thumbnail","6":"product_cat-talli","7":"product_cat-talliambrid-ja-soodakaussid","8":"product_cat-soodakausid","9":"product_cat-talliambrid","11":"first","12":"outofstock","13":"taxable","14":"shipping-taxable","15":"purchasable","16":"product-type-simple"},"_links":{"self":[{"href":"https:\/\/www.allforhorses.ee\/ru\/wp-json\/wp\/v2\/product\/7897","targetHints":{"allow":["GET"]}}],"collection":[{"href":"https:\/\/www.allforhorses.ee\/ru\/wp-json\/wp\/v2\/product"}],"about":[{"href":"https:\/\/www.allforhorses.ee\/ru\/wp-json\/wp\/v2\/types\/product"}],"wp:featuredmedia":[{"embeddable":true,"href":"https:\/\/www.allforhorses.ee\/ru\/wp-json\/wp\/v2\/media\/7898"}],"wp:attachment":[{"href":"https:\/\/www.allforhorses.ee\/ru\/wp-json\/wp\/v2\/media?parent=7897"}],"wp:term":[{"taxonomy":"product_brand","embeddable":true,"href":"https:\/\/www.allforhorses.ee\/ru\/wp-json\/wp\/v2\/product_brand?post=7897"},{"taxonomy":"product_cat","embeddable":true,"href":"https:\/\/www.allforhorses.ee\/ru\/wp-json\/wp\/v2\/product_cat?post=7897"},{"taxonomy":"product_tag","embeddable":true,"href":"https:\/\/www.allforhorses.ee\/ru\/wp-json\/wp\/v2\/product_tag?post=7897"}],"curies":[{"name":"wp","href":"https:\/\/api.w.org\/{rel}","templated":true}]}}