{"id":7891,"date":"2019-08-07T20:31:37","date_gmt":"2019-08-07T20:31:37","guid":{"rendered":"https:\/\/www.allforhorses.ee\/?post_type=product&#038;p=7891"},"modified":"2021-10-18T14:52:22","modified_gmt":"2021-10-18T14:52:22","slug":"painduv-soodakauss10l","status":"publish","type":"product","link":"https:\/\/www.allforhorses.ee\/ru\/toode\/painduv-soodakauss10l\/","title":{"rendered":"Painduv S\u00f6\u00f6dakauss(10l)"},"content":{"rendered":"","protected":false},"excerpt":{"rendered":"<p><strong>Painduv S\u00f6\u00f6dakauss(10 l)<\/strong> h\u00e4sti sobib\u00a0s\u00f6\u00f6da- ja veen\u00f5uks. Saab kasutada tallis ja aias.<br \/>\nK\u00f5rgus 14 cm, \u00d8 40 cm.<br \/>\nV\u00e4rv: must.<\/p>\n<p>&nbsp;<\/p>\n","protected":false},"featured_media":7892,"template":"","meta":[],"product_brand":[],"product_cat":[145,146,149],"product_tag":[],"class_list":{"0":"post-7891","1":"product","2":"type-product","3":"status-publish","4":"has-post-thumbnail","6":"product_cat-talli","7":"product_cat-talliambrid-ja-soodakaussid","8":"product_cat-soodakausid","10":"first","11":"outofstock","12":"taxable","13":"shipping-taxable","14":"purchasable","15":"product-type-simple"},"_links":{"self":[{"href":"https:\/\/www.allforhorses.ee\/ru\/wp-json\/wp\/v2\/product\/7891","targetHints":{"allow":["GET"]}}],"collection":[{"href":"https:\/\/www.allforhorses.ee\/ru\/wp-json\/wp\/v2\/product"}],"about":[{"href":"https:\/\/www.allforhorses.ee\/ru\/wp-json\/wp\/v2\/types\/product"}],"wp:featuredmedia":[{"embeddable":true,"href":"https:\/\/www.allforhorses.ee\/ru\/wp-json\/wp\/v2\/media\/7892"}],"wp:attachment":[{"href":"https:\/\/www.allforhorses.ee\/ru\/wp-json\/wp\/v2\/media?parent=7891"}],"wp:term":[{"taxonomy":"product_brand","embeddable":true,"href":"https:\/\/www.allforhorses.ee\/ru\/wp-json\/wp\/v2\/product_brand?post=7891"},{"taxonomy":"product_cat","embeddable":true,"href":"https:\/\/www.allforhorses.ee\/ru\/wp-json\/wp\/v2\/product_cat?post=7891"},{"taxonomy":"product_tag","embeddable":true,"href":"https:\/\/www.allforhorses.ee\/ru\/wp-json\/wp\/v2\/product_tag?post=7891"}],"curies":[{"name":"wp","href":"https:\/\/api.w.org\/{rel}","templated":true}]}}