{"id":7688,"date":"2019-08-06T17:29:35","date_gmt":"2019-08-06T17:29:35","guid":{"rendered":"https:\/\/www.allforhorses.ee\/?post_type=product&#038;p=7688"},"modified":"2025-12-12T12:12:45","modified_gmt":"2025-12-12T12:12:45","slug":"fliistekk-costa","status":"publish","type":"product","link":"https:\/\/www.allforhorses.ee\/ru\/toode\/fliistekk-costa\/","title":{"rendered":"Fliistekk &#171;Costa&#187;"},"content":{"rendered":"","protected":false},"excerpt":{"rendered":"<p><b>Fliistekk &#171;Costa&#187;\u00a0<\/b>on pehme ja hingav. Tekil on\u00a0sabaalune pael ja esik\u00fcljel metallkinnitused. Tekk h\u00e4sti sobib hobuse transportimiseks. On masinpestav 30 kraadise pesuprogrammiga. Materjal: 100% pol\u00fceester.<\/p>\n","protected":false},"featured_media":7697,"template":"","meta":[],"product_brand":[],"product_cat":[158,244,245],"product_tag":[],"class_list":{"0":"post-7688","1":"product","2":"type-product","3":"status-publish","4":"has-post-thumbnail","6":"product_cat-hobusele","7":"product_cat-hobuste-tekid-tarvikud","8":"product_cat-fliistekid","10":"first","11":"instock","12":"taxable","13":"shipping-taxable","14":"purchasable","15":"product-type-variable"},"_links":{"self":[{"href":"https:\/\/www.allforhorses.ee\/ru\/wp-json\/wp\/v2\/product\/7688","targetHints":{"allow":["GET"]}}],"collection":[{"href":"https:\/\/www.allforhorses.ee\/ru\/wp-json\/wp\/v2\/product"}],"about":[{"href":"https:\/\/www.allforhorses.ee\/ru\/wp-json\/wp\/v2\/types\/product"}],"wp:featuredmedia":[{"embeddable":true,"href":"https:\/\/www.allforhorses.ee\/ru\/wp-json\/wp\/v2\/media\/7697"}],"wp:attachment":[{"href":"https:\/\/www.allforhorses.ee\/ru\/wp-json\/wp\/v2\/media?parent=7688"}],"wp:term":[{"taxonomy":"product_brand","embeddable":true,"href":"https:\/\/www.allforhorses.ee\/ru\/wp-json\/wp\/v2\/product_brand?post=7688"},{"taxonomy":"product_cat","embeddable":true,"href":"https:\/\/www.allforhorses.ee\/ru\/wp-json\/wp\/v2\/product_cat?post=7688"},{"taxonomy":"product_tag","embeddable":true,"href":"https:\/\/www.allforhorses.ee\/ru\/wp-json\/wp\/v2\/product_tag?post=7688"}],"curies":[{"name":"wp","href":"https:\/\/api.w.org\/{rel}","templated":true}]}}