{"id":7607,"date":"2019-07-12T09:22:37","date_gmt":"2019-07-12T09:22:37","guid":{"rendered":"https:\/\/www.allforhorses.ee\/?post_type=product&#038;p=7607"},"modified":"2022-04-09T20:10:47","modified_gmt":"2022-04-09T20:10:47","slug":"lambakarvast-istmikupehmendus-sadulale","status":"publish","type":"product","link":"https:\/\/www.allforhorses.ee\/ru\/toode\/lambakarvast-istmikupehmendus-sadulale\/","title":{"rendered":"Lambakarvast Istmikupehmendus Sadulale"},"content":{"rendered":"","protected":false},"excerpt":{"rendered":"<p><strong>Lambakarvast Istmikupehmendus Sadulale <\/strong>pehmendab ratsaniku jaoks sadula istet.<br \/>\nSuurus: Full.<\/p>\n<p>Sadulakatte ainult ettetellimisel. Tarneaeg: 10-14 t\u00f6\u00f6p\u00e4eva.<\/p>\n","protected":false},"featured_media":7610,"template":"","meta":[],"product_brand":[],"product_cat":[158,176,182,183,185],"product_tag":[],"class_list":{"0":"post-7607","1":"product","2":"type-product","3":"status-publish","4":"has-post-thumbnail","6":"product_cat-hobusele","7":"product_cat-sadulad-ja-sadulakatted","8":"product_cat-sadulakatted","9":"product_cat-sadulapehmendused","10":"product_cat-lambakarvaga-sadulapehmendused","12":"first","13":"outofstock","14":"taxable","15":"shipping-taxable","16":"purchasable","17":"product-type-variable"},"_links":{"self":[{"href":"https:\/\/www.allforhorses.ee\/ru\/wp-json\/wp\/v2\/product\/7607","targetHints":{"allow":["GET"]}}],"collection":[{"href":"https:\/\/www.allforhorses.ee\/ru\/wp-json\/wp\/v2\/product"}],"about":[{"href":"https:\/\/www.allforhorses.ee\/ru\/wp-json\/wp\/v2\/types\/product"}],"wp:featuredmedia":[{"embeddable":true,"href":"https:\/\/www.allforhorses.ee\/ru\/wp-json\/wp\/v2\/media\/7610"}],"wp:attachment":[{"href":"https:\/\/www.allforhorses.ee\/ru\/wp-json\/wp\/v2\/media?parent=7607"}],"wp:term":[{"taxonomy":"product_brand","embeddable":true,"href":"https:\/\/www.allforhorses.ee\/ru\/wp-json\/wp\/v2\/product_brand?post=7607"},{"taxonomy":"product_cat","embeddable":true,"href":"https:\/\/www.allforhorses.ee\/ru\/wp-json\/wp\/v2\/product_cat?post=7607"},{"taxonomy":"product_tag","embeddable":true,"href":"https:\/\/www.allforhorses.ee\/ru\/wp-json\/wp\/v2\/product_tag?post=7607"}],"curies":[{"name":"wp","href":"https:\/\/api.w.org\/{rel}","templated":true}]}}