{"id":7317,"date":"2019-06-25T14:06:03","date_gmt":"2019-06-25T14:06:03","guid":{"rendered":"https:\/\/www.allforhorses.ee\/?post_type=product&#038;p=7317"},"modified":"2026-01-09T19:10:43","modified_gmt":"2026-01-09T19:10:43","slug":"cavalor-hobuse-taissoot-strucomix-senior20-kg","status":"publish","type":"product","link":"https:\/\/www.allforhorses.ee\/ru\/toode\/cavalor-hobuse-taissoot-strucomix-senior20-kg\/","title":{"rendered":"Cavalor Hobuse T\u00e4iss\u00f6\u00f6t Strucomix Senior(20 kg)"},"content":{"rendered":"<div class=\"wpb-content-wrapper\"><p>[vc_row][vc_column][vc_column_text]<em>Koostis:<\/em> Nisukliid \/ odrahelbed \/ linaseemne kestad \/ paisutatud mais \/ paisutatud nisu \/ suhkruroomelass \/ maisikliid \/ p\u00e4evalilleseemned \/ speltanisu \/ lutsern \/ lutserni varred \/ linaseemned \/ porgand t\u00fckid \/ palmituumakook \/ soja \/ r\u00f6stitud sojaoad \/ nisugluteen \/ kaltsiumkarbonaat \/ oder \/ soja\u00f5li \/ naatriumkloriid \/ purustatud \u00f5liseemned \/ sojaoa kestad \/ speltanisukliid \/ fruktooligosahhariidid \/ nisu \/ palmi\u00f5li \/ maisigluteens\u00f6\u00f6t.<br \/>\n<em>Anal\u00fc\u00fctiline koostisosa<\/em> DE (Hobuse poolt seeditav energia) \u2013 11.75 MJ\/kg VRP (Hobuse poolt seeditav toore valk) \u2013 7.60 % Toorvalk \u2013 14 % Toorrasv \u2013 5 % Toortuhk \u2013 8.0 % Toorkiud \u2013 11.0 % Kaltsium \u2013 1.1 % Magneesium \u2013 0.34 % Fosfor \u2013 0.66 % Naatrium \u2013 0.25 % T\u00e4rklis &#8212; 27,2 % Suhkrud \u2013 4,8%.<br \/>\n<em>Lisandid \/KG Toitev\u00e4\u00e4rtuse lisandid:<\/em> 12 750 I.U. E672 vitamiin A \/ 1800 I.U. E673 vitamiin D3 \/ 240 mg vitamiin E \/ 14.5 mg vitamiin B1 \/ 15.9 mg vitamiin B2 \/ 30.5 mg vitamiin B3 \/ 2.9mg vitamiin B6 \/ 0.035 mg vitamiin B12 \/ 240 \u03bcg biotiin \/ 270 mg koliinkloriid \/ 69 mg E1 raud (raudsulfaat, monoh\u00fcdraat) \/ 1.50 mg E2 jood (kaltsiumjodaat, veevaba) \/ 0.36 mg 3b303 koobalt (aluseline koobaltkarbonaat, monoh\u00fcdraat) \/ 30 mg E4 vask (vasksulfaat, pentah\u00fcdraat) \/ 7 mg E4 vask (vaskkelaat aminohapete h\u00fcdraat) \/ 135 mg E5 mangaan (mangaansulfaat, monoh\u00fcdraat) \/ 18 mg E5 mangaan (mangaanikelaat aminohapete h\u00fcdraat) \/ 130 mg E6 tsink (tsinksulfaat, monoh\u00fcdraat) \/ 18 mg E6 tsink (tsinkkelaat aminohapete h\u00fcdraat) \/ 0,24 mg E8 seleen (naatriumseleniit) \/ 0,26 mg 3b8.10 orgaanilisel kujul seleen toodetud Saccharomyces cerevisiae CNCM I-3060\u2019st.<br \/>\n<em>Zootehnilised lisandid:<\/em> 5.2 109 CFU 4b1702 Saccharomyces cerevisiae NCYC Sc 4.[\/vc_column_text][\/vc_column][\/vc_row]<\/p>\n<\/div>","protected":false},"excerpt":{"rendered":"<p><strong>Cavalor Hobuse T\u00e4iss\u00f6\u00f6t Strucomix Senior(20 kg)<\/strong> &#8212; Kiudaineterikas s\u00f6\u00f6t vanematele hobustele. Suurep\u00e4rane t\u00e4iss\u00f6\u00f6t vanematele hobustele \/ K\u00f5rge kiudainete segu \/ Kaeravaba \/ Suuremas koguses vitamiine ja mineraale \/ Tugevndab seedes\u00fcsteemi \/ Toetab liigeseid \/ Aitab hobusel kaalu hoida \/ Vanematel hobustel on ealistest ise\u00e4rasustest tingituna v\u00e4hem efektiivsem seedimiss\u00fcsteem ja kulunumad hambad. Cavalor\u00ae Strucomix Senior koosneb nii pressitud teraviljast (seedimine lihtsam ja efektiivsem) ja k\u00f5rgkvaliteedilistest proteiinidest (kergelt seeditav ja kiirem konversioon s\u00f6\u00f6dast energiaks) kui ka vitamiinidest ning mineraalidest. K\u00f5rge vase, tsingi ja mangaani sisaldus toetab liigeseid, k\u00f5\u00f5luseid ja tervet luustikku. Cavalor\u00ae Strucomix Senior sisaldab FIBER PLUS komponente, mille erinevad rohu ja lutserni liigid tagavad piisava toortselluloosi koguse. Toortselluloos stimuleerib soole mirkofloorat, see on aga oluline korrap\u00e4raseks seedes\u00fcsteemi funktsioneerimiseks. K\u00f5rge vitamiinide ja mineraalide sisaldus aitab kompenseerida vanematel hobustel v\u00e4henenud tselluloosi absorptsiooni. Cavalor\u00ae Strucomix Senior sisaldab veel AIR-FORCE komponenente. AIR-FORCE sisaldab k\u00fc\u00fcslaugu ja ravimtaimede ekstrakte, mis aitavad parandada hingamist ja stimuleerida vereringet. Cavalor\u00ae Strucomix Senior on ideaalne s\u00f6\u00f6t vanemale hobusele. Seda tasakaalustatud s\u00f6\u00f6ta v\u00f5ib soovitada ka hobustele, kes hoiavad kehvasti kaalu ja konditsiooni. Cavalor\u00ae Strucomix Senior sisaldab s\u00f6\u00f6dalisandeid YEAST PLUS, FLORASTIMUL, FIBER PLUS, OMEGA 3 PLUS, ARTI PRO. YEAST PLUS: elav p\u00e4rm mugavaks seedimiseks. Suur hulk hobuseid saavad m\u00e4rkimisv\u00e4\u00e4rses koguses kontsentreeritud s\u00f6\u00f6ta. Sporthobused on lihtsalt \u00fcks kategooria tiinete ja imetavate m\u00e4rade k\u00f5rval, kellele seda manustatakse. Elava p\u00e4rmi kultuur suudab stimuleerida baktereid j\u00e4mesooles, need bakterid aga kasutavad happeid, t\u00e4nu millele v\u00e4heneb patogeensete mikroorganismide (eriti streptokokkide) tekkimine. See aitab ennetada liighappesuse teket maos (pH langust), mis lubab sisemikroflooral s\u00e4ilitada optimaalset tasakaalu ja konditsiooni. PRO-YEAST soodustab optimaalset saagikust s\u00f6\u00f6das ja v\u00e4hendab riski koolikute tekkeks. FLORASTIMUL: tervislik soole mikrofloorale. FLORASTIUML (prebiootikum) on toitaine, mida saavad kasutada ainult \u201chealoomulised\u201d bakterid, stimuleerimaks mikroorganismide kasvu ja arengut. Lisaks veel FLORASTIMUL ennetab bakterite kinnitumist sooleseintele ning takistab patogeensete bakterite kasvu. FLORASTIMUL tagab tervisliku soole mikrofloora ning muudab hobuse v\u00e4hem tundlikuks seedetrakti \u00e4rritustele. FIBER PLUS: kiudained &#8212; soolestiku mootor. Kiudained on soolestiku d\u00fcnaamikas \u00e4\u00e4rmiselt olulised. Kiudained vabastavad toitainetes peituva energia j\u00e4rkj\u00e4rguliselt. Tervist toetavad soolestiku bakterid asuvad hobuse j\u00e4mesooles ning muudavad kiudained seal kergesti omandatavateks rasvhappeteks, mis annavad kehale vajalikku energiat. \u201cFIBER PLUS\u201d sisalduses olevad kiudained p\u00e4rinevad k\u00f5rgekvaliteetsetest allikatest nagu lutserni varred, speltanisu, linakiud, jne. Need kiudained stimuleerivad ka B vitamiini produtksiooni j\u00e4mesooles. OMEGA 3 PLUS: tugev tervis ja immuunsus Lisaks l\u00e4ikivale kasukale, pakuvad OMEGA-3 rasvhapped mitmeid tervislikke m\u00f5jusid. Unikaalne rasvhapete koostis toetab \u00fcle\u00fcldist hobuse tervist, immuunsust ja konditsiooni. ARTI-PRO: mikroelemendid optimaalseks liigeste toetuseks. ARTI-PRO sisaldab optimaalses koguses unikaalset vase, tsingi ja mangaani s\u00f6\u00f6dat\u00e4iendust. Need mikroelemendid tagavad selle et liigesed, k\u00f5\u00f5lused, k\u00f5hred ja skelett saaksid parima v\u00f5imaliku toetuse. Toetuse, mida \u00fckski teine tavap\u00e4rane mikstuur ei suuda pakkuda. K\u00f5rge vase, tsingi ja mangaani sisaldus on eriti kasulik noortele kiirelt kasvavatele hobustele, vanematele hobustele, sporthobustele, tiinetele ja imetavatele m\u00e4radele. Pakendamine 20kg s\u00f6\u00f6dakott<\/p>\n<p>P\u00e4evaratsioon 100kg kehakaalu kohta min 450g, maks. 750g.<\/p>\n","protected":false},"featured_media":47632,"template":"","meta":[],"product_brand":[],"product_cat":[672,735,158],"product_tag":[],"class_list":{"0":"post-7317","1":"product","2":"type-product","3":"status-publish","4":"has-post-thumbnail","6":"product_cat-hobusoodad-hobusele","7":"product_cat-allahindlus","8":"product_cat-hobusele","10":"first","11":"instock","12":"sale","13":"taxable","14":"shipping-taxable","15":"purchasable","16":"product-type-simple"},"_links":{"self":[{"href":"https:\/\/www.allforhorses.ee\/ru\/wp-json\/wp\/v2\/product\/7317","targetHints":{"allow":["GET"]}}],"collection":[{"href":"https:\/\/www.allforhorses.ee\/ru\/wp-json\/wp\/v2\/product"}],"about":[{"href":"https:\/\/www.allforhorses.ee\/ru\/wp-json\/wp\/v2\/types\/product"}],"wp:featuredmedia":[{"embeddable":true,"href":"https:\/\/www.allforhorses.ee\/ru\/wp-json\/wp\/v2\/media\/47632"}],"wp:attachment":[{"href":"https:\/\/www.allforhorses.ee\/ru\/wp-json\/wp\/v2\/media?parent=7317"}],"wp:term":[{"taxonomy":"product_brand","embeddable":true,"href":"https:\/\/www.allforhorses.ee\/ru\/wp-json\/wp\/v2\/product_brand?post=7317"},{"taxonomy":"product_cat","embeddable":true,"href":"https:\/\/www.allforhorses.ee\/ru\/wp-json\/wp\/v2\/product_cat?post=7317"},{"taxonomy":"product_tag","embeddable":true,"href":"https:\/\/www.allforhorses.ee\/ru\/wp-json\/wp\/v2\/product_tag?post=7317"}],"curies":[{"name":"wp","href":"https:\/\/api.w.org\/{rel}","templated":true}]}}