{"id":7314,"date":"2019-06-25T13:34:08","date_gmt":"2019-06-25T13:34:08","guid":{"rendered":"https:\/\/www.allforhorses.ee\/?post_type=product&#038;p=7314"},"modified":"2026-01-09T19:12:26","modified_gmt":"2026-01-09T19:12:26","slug":"cavalor-hobuse-taissoot-startgo-soft15-kg","status":"publish","type":"product","link":"https:\/\/www.allforhorses.ee\/ru\/toode\/cavalor-hobuse-taissoot-startgo-soft15-kg\/","title":{"rendered":"Cavalor Varsa T\u00e4iss\u00f6\u00f6t Piimapulbriga Start&#038;Go Soft(15 kg)"},"content":{"rendered":"<div class=\"wpb-content-wrapper\"><p>[vc_row][vc_column][vc_column_text]<strong>Koostis:<\/strong> Nisu \/ mais \/ soja \/ nisukliid \/ gl\u00fctseriin \/ vadakupulber \/ oder \/ nisugluteen \/ linaseemned \/ jaanileivapuu \/ riisikliid \/ \u00f5llep\u00e4rm \/ r\u00f6stitud sojaoad \/ kaltsiumkarbonaat \/ suhkruroomelass \/ fruktooligosahhariidid \/ naatriumkloriid \/ soja.<br \/>\n<strong>Anal\u00fc\u00fctiline koostisosa:<\/strong> DE (Hobuse poolt seeditav energia) \u2013 13 MJ\/kg VRP (Hobuse poolt seeditav toore valk) \u2013 13 % Toorvalk \u2013 15.5 % Toorrasv \u2013 6.0 % Tuhk \u2013 7.0 % Toorkiud \u2013 5 % Kaltsium \u2013 1.18 % Magneesium \u2013 0.28 % Fosfor \u2013 0.70 % Naatrium \u2013 0.20 % T\u00e4rklis ja suhkrud \u2013 37.0 % Lisandid \/KG Toitev\u00e4\u00e4rtuse lisandid: 18 125 I.U. E672 vitamiin A \/ 2250 I.U. E673 vitamiin D3 \/ 260 mg vitamiin E \/ 13 mg vitamiin B1 \/ 15 mg vitamiin B2 \/ 25 mg vitamiin B3 \/ 2.4 mg vitamiin B6 \/ 0.03 mg vitamiin B12 \/ 250 \u03bcg biotiin \/ 270 mg koliinkloriid \/ 70 mg E1 raud (raudsulfaat, monoh\u00fcdraat) \/ 1.35 mg E2 jood (kaltsiumjodaat, veevaba) \/ 0.80 mg 3b303 koobalt (aluseline koobaltkarbonaat, monoh\u00fcdraat) \/ 45 mg E4 vask (vasksulfaat, pentah\u00fcdraat) \/ 15 mg E4 vask (vaskkelaat aminohapete h\u00fcdraat) \/ 163 mg E5 mangaan (mangaansulfaat, monoh\u00fcdraat) \/ 15 mg E5 mangaan (mangaanikelaat aminohapete h\u00fcdraat) \/ 160 mg E6 tsink (tsinksulfaat, monoh\u00fcdraat) \/ 20 mg E6 tsink (tsinkkelaat aminohapete h\u00fcdraat) \/ 0,35 mg E8 seleen (naatriumseleniit) \/ 0,20 mg 3b8.10 orgaanilisel kujul seleen toodetud Saccharomyces cerevisiae CNCM I-3060\u2019st.[\/vc_column_text][\/vc_column][\/vc_row]<\/p>\n<\/div>","protected":false},"excerpt":{"rendered":"<p><strong>Cavalor Varsa T\u00e4iss\u00f6\u00f6t Start&amp;Go Soft(15 kg)<\/strong> &#8212; Piimast \u00fcle energia toidule, ilma et m\u00e4rkaksid muutust kasvus! Varsale alates 2. n\u00e4dalast kuni 1 aastaseks saamiseni \/ Valgurikas \/ Kuumt\u00f6\u00f6deldud teraviljad ja piimavalgud \/ Optimaalne kaltsiumi ja fosfori suhe tagamaks j\u00e4rkj\u00e4rgulist kasvu \/ K\u00f5rge kvaliteediga orgaaniliselt seotud vask, tsink ja mangaan \/ Sujuv \u00fcleminek emapiimalt t\u00e4iends\u00f6\u00f6dale \/ Optimaalne soolestiku mikrofloora \/ Aitab v\u00e4hendada probleeme OCD&#8217;ga ehk hoida \u00e4ra luukildude teket Cavalor Start &amp; Go SOFT sisaldab kergesti seeditavaid, v\u00e4ga maitsvaid, kuumt\u00f6\u00f6deldud teravilju ja laktoproteiine. See k\u00f5ik \u00fches s\u00f6\u00f6t aitab varsal minna j\u00e4rk-j\u00e4rgult ja loomulikult \u00fcle vedelikult tahkele toidule. Unikaalne kombinatsioon minimeerib \u00fcleminekuperioodi v\u00f5\u00f5rutamisel, (emapiimast energia s\u00f6\u00f6dale, pelletile v\u00f5i nende segule) mis v\u00f5ib p\u00f5hjustada kasvu peatumist, (on v\u00f5imalik, kuna varsad tavaliselt s\u00f6\u00f6vad v\u00e4hem toitu suhteliselt ootamatu \u00fcleminkuga varsale m\u00f5eldud s\u00f6\u00f6dale) kuid selle oht v\u00e4heneb miinimumi v\u00f5i pigem j\u00e4\u00e4b \u00fcldsegi \u00e4ra. Kaltsiumi ja fosfori suhe on varssade arenguks ja kasvuks eluliselt oluline. Cavalor Start &amp; Go SOFT sisaldab OPTI GROWTH\u2019i tagamaks t\u00e4pset toitainete suhet ja FLORASTIMUL\u2019it et parandada ja s\u00e4ilitada soolestiku mikrofloorat samal ajal v\u00e4hendades patogeensete mikroogransimide kinnitumist soole seinale. Cavalor Start &amp; Go SOFT\u2019i v\u00f5ib anda varsale alates 2. n\u00e4dalast kuni 12 kuuni (s\u00f5ltub v\u00f5\u00f5rutusperioodi faasist).<\/p>\n<p>P\u00e4evaratsioon 100kg kehakaalu kohta min 75g, maks. 400g.<\/p>\n","protected":false},"featured_media":7315,"template":"","meta":[],"product_brand":[],"product_cat":[672,735,158],"product_tag":[],"class_list":{"0":"post-7314","1":"product","2":"type-product","3":"status-publish","4":"has-post-thumbnail","6":"product_cat-hobusoodad-hobusele","7":"product_cat-allahindlus","8":"product_cat-hobusele","10":"first","11":"instock","12":"sale","13":"taxable","14":"shipping-taxable","15":"purchasable","16":"product-type-simple"},"_links":{"self":[{"href":"https:\/\/www.allforhorses.ee\/ru\/wp-json\/wp\/v2\/product\/7314","targetHints":{"allow":["GET"]}}],"collection":[{"href":"https:\/\/www.allforhorses.ee\/ru\/wp-json\/wp\/v2\/product"}],"about":[{"href":"https:\/\/www.allforhorses.ee\/ru\/wp-json\/wp\/v2\/types\/product"}],"wp:featuredmedia":[{"embeddable":true,"href":"https:\/\/www.allforhorses.ee\/ru\/wp-json\/wp\/v2\/media\/7315"}],"wp:attachment":[{"href":"https:\/\/www.allforhorses.ee\/ru\/wp-json\/wp\/v2\/media?parent=7314"}],"wp:term":[{"taxonomy":"product_brand","embeddable":true,"href":"https:\/\/www.allforhorses.ee\/ru\/wp-json\/wp\/v2\/product_brand?post=7314"},{"taxonomy":"product_cat","embeddable":true,"href":"https:\/\/www.allforhorses.ee\/ru\/wp-json\/wp\/v2\/product_cat?post=7314"},{"taxonomy":"product_tag","embeddable":true,"href":"https:\/\/www.allforhorses.ee\/ru\/wp-json\/wp\/v2\/product_tag?post=7314"}],"curies":[{"name":"wp","href":"https:\/\/api.w.org\/{rel}","templated":true}]}}