{"id":6991,"date":"2019-06-11T11:48:13","date_gmt":"2019-06-11T11:48:13","guid":{"rendered":"https:\/\/www.allforhorses.ee\/?post_type=product&#038;p=6991"},"modified":"2023-01-07T22:51:27","modified_gmt":"2023-01-07T22:51:27","slug":"cavalor-hobuse-taiendsoot-hoof-aid-special800g","status":"publish","type":"product","link":"https:\/\/www.allforhorses.ee\/ru\/toode\/cavalor-hobuse-taiendsoot-hoof-aid-special800g\/","title":{"rendered":"Cavalor Hobuse T\u00e4iends\u00f6\u00f6t Hoof Aid Special(800g)"},"content":{"rendered":"<div class=\"wpb-content-wrapper\"><p>[vc_row][vc_column][vc_column_text]Cavalor\u00ae Hoof Aid Special sisaldab biotiini ja MSM&#8217;i. MSM on k\u00f5rge biosaadavusega v\u00e4\u00e4vli allikas. V\u00e4\u00e4vel on eluliselt oluline komponent keratiinis, mis on oluline koostisosa kabja seina kasvatamisel. Cavalor\u00ae Hoof Aid Special sisaldab veel vitamiine A, D3, B2, B3, C, koliini, kaltsiumit, fosforit, vaskkelaati ja tsinki. Lisaks sisaldab Cavalor\u00ae Hoof Aid Special ka aminohappeid, mis on olulised parandamaks kabja kasvu ja kvaliteeti.<strong><br \/>\nKoostis:<\/strong> Dekstroos, kaltsiumkarbonaat.<br \/>\n<strong>Anal\u00fc\u00fctiline koostis:<\/strong> Toorvalk &#8212; 15% Toorrasv &#8212; 5% Toortuhk &#8212; 5,5% Toorkiud &#8212; 2,7% Metioniin &#8212; 6% L\u00fcsiin &#8212; 0,8% Kaltsium &#8212; 1,1% Fosfor &#8212; 0,30% Magneesium &#8212; 0,10% Naatrium &#8212; 0,10% Vit B1 &#8212; 400mg\/kg Vit B2 &#8212; 480 mg\/kg Vit B5 &#8212; 1000 mg\/kg Vit B6 &#8212; 100 mg\/kg Vit B12 &#8212; 10mg\/kg Vit B8 &#8212; 1260mg\/kg Vit C &#8212; 37800mg\/kg Vit B3 &#8212; 1488,8mg\/kg Foolhape &#8212; 0,5mg\/kg Koliinkloriid &#8212; 2750mg\/kg Biotiin &#8212; 500mg\/kg Vask &#8212; 465mg\/kg Tsink &#8212; 1 235 mg\/kg BHT &#8212; 320 mg\/kg prop\u00fc\u00fclgallaat &#8212; 100mg\/kg sepioliit &#8212; 420mg\/kg.[\/vc_column_text][\/vc_column][\/vc_row]<\/p>\n<\/div>","protected":false},"excerpt":{"rendered":"<p><strong>Cavalor Hobuse T\u00e4iends\u00f6\u00f6t Hoof Aid Special(5kg) <\/strong>on kvaliteetne segu vitamiinidest ja toitainetest, et taastada kabja kvaliteet m\u00f5istliku aja jooksul. Cavalor\u00ae Hoof Aid Special on t\u00e4iends\u00f6\u00f6t, mis arendatud selleks, et t\u00f5sta kabja kvaliteeti. M\u00f5nede hobuste kabja kvaliteet on juba loomulikust olekust kehv ning nemad vajavad midagi enamat, kui lihtsalt vitamiine nagu biotiini. Selliste hobuste jaoks on Cavalor\u00ae loonud spetsiaalse k\u00f5rgekvaliteedilise mikstuuri, mis t\u00f5stab kabja kvaliteeti. Cavalor\u00ae Hoof Aid Special&#8217;it kasutavad professionaalid ja spetsialistid v\u00f5itlemaks rabedate ning rebenenud kapjadega, eraldunud kabjaseinte, seiskunud kabjakasvu ja halva kabjakvaliteedi puhul.<br \/>\n<strong>Manustamine:<\/strong> Lisatakse tavap\u00e4rasele s\u00f6\u00f6dasegule 50-150g p\u00e4evas. Kasuta minimaalselt 1,5 kuud, soovituslikult 6 kuud.<br \/>\nAegumine: 29.02.2024.<\/p>\n","protected":false},"featured_media":19277,"template":"","meta":[],"product_brand":[],"product_cat":[158,250,251,259],"product_tag":[],"class_list":{"0":"post-6991","1":"product","2":"type-product","3":"status-publish","4":"has-post-thumbnail","6":"product_cat-hobusele","7":"product_cat-maiustused","8":"product_cat-soodalisandid","9":"product_cat-hobuste-tervisehoid","11":"first","12":"instock","13":"featured","14":"taxable","15":"shipping-taxable","16":"purchasable","17":"product-type-simple"},"_links":{"self":[{"href":"https:\/\/www.allforhorses.ee\/ru\/wp-json\/wp\/v2\/product\/6991","targetHints":{"allow":["GET"]}}],"collection":[{"href":"https:\/\/www.allforhorses.ee\/ru\/wp-json\/wp\/v2\/product"}],"about":[{"href":"https:\/\/www.allforhorses.ee\/ru\/wp-json\/wp\/v2\/types\/product"}],"wp:featuredmedia":[{"embeddable":true,"href":"https:\/\/www.allforhorses.ee\/ru\/wp-json\/wp\/v2\/media\/19277"}],"wp:attachment":[{"href":"https:\/\/www.allforhorses.ee\/ru\/wp-json\/wp\/v2\/media?parent=6991"}],"wp:term":[{"taxonomy":"product_brand","embeddable":true,"href":"https:\/\/www.allforhorses.ee\/ru\/wp-json\/wp\/v2\/product_brand?post=6991"},{"taxonomy":"product_cat","embeddable":true,"href":"https:\/\/www.allforhorses.ee\/ru\/wp-json\/wp\/v2\/product_cat?post=6991"},{"taxonomy":"product_tag","embeddable":true,"href":"https:\/\/www.allforhorses.ee\/ru\/wp-json\/wp\/v2\/product_tag?post=6991"}],"curies":[{"name":"wp","href":"https:\/\/api.w.org\/{rel}","templated":true}]}}