{"id":6794,"date":"2019-05-28T18:02:59","date_gmt":"2019-05-28T18:02:59","guid":{"rendered":"https:\/\/www.allforhorses.ee\/?post_type=product&#038;p=6794"},"modified":"2025-02-27T13:12:18","modified_gmt":"2025-02-27T13:12:18","slug":"horze-huppestekk-edmonton","status":"publish","type":"product","link":"https:\/\/www.allforhorses.ee\/ru\/toode\/horze-huppestekk-edmonton\/","title":{"rendered":"Horze H\u00fcppestekk &#171;Edmonton&#187;"},"content":{"rendered":"","protected":false},"excerpt":{"rendered":"<p><strong>H\u00fcppestekk<\/strong>\u00a0on on kerge ja lihtne k\u00e4es hoida, mis teeb selle ideaalseks h\u00fcppamisel kasutamiseks. PU nahk ja h\u00f5bedane k\u00e4epide annab ka hea v\u00e4limuse.<br \/>\nPikkus: 60cm.<br \/>\nTootja: HORZE INTERNATIONAL GMBH<\/p>\n","protected":false},"featured_media":21782,"template":"","meta":[],"product_brand":[],"product_cat":[109,138,139],"product_tag":[],"class_list":{"0":"post-6794","1":"product","2":"type-product","3":"status-publish","4":"has-post-thumbnail","6":"product_cat-ratsariided","7":"product_cat-stekid","8":"product_cat-stekid-stekid","10":"first","11":"outofstock","12":"taxable","13":"shipping-taxable","14":"purchasable","15":"product-type-variable"},"_links":{"self":[{"href":"https:\/\/www.allforhorses.ee\/ru\/wp-json\/wp\/v2\/product\/6794","targetHints":{"allow":["GET"]}}],"collection":[{"href":"https:\/\/www.allforhorses.ee\/ru\/wp-json\/wp\/v2\/product"}],"about":[{"href":"https:\/\/www.allforhorses.ee\/ru\/wp-json\/wp\/v2\/types\/product"}],"wp:featuredmedia":[{"embeddable":true,"href":"https:\/\/www.allforhorses.ee\/ru\/wp-json\/wp\/v2\/media\/21782"}],"wp:attachment":[{"href":"https:\/\/www.allforhorses.ee\/ru\/wp-json\/wp\/v2\/media?parent=6794"}],"wp:term":[{"taxonomy":"product_brand","embeddable":true,"href":"https:\/\/www.allforhorses.ee\/ru\/wp-json\/wp\/v2\/product_brand?post=6794"},{"taxonomy":"product_cat","embeddable":true,"href":"https:\/\/www.allforhorses.ee\/ru\/wp-json\/wp\/v2\/product_cat?post=6794"},{"taxonomy":"product_tag","embeddable":true,"href":"https:\/\/www.allforhorses.ee\/ru\/wp-json\/wp\/v2\/product_tag?post=6794"}],"curies":[{"name":"wp","href":"https:\/\/api.w.org\/{rel}","templated":true}]}}