{"id":6713,"date":"2019-05-16T18:55:44","date_gmt":"2019-05-16T18:55:44","guid":{"rendered":"https:\/\/www.allforhorses.ee\/?post_type=product&#038;p=6713"},"modified":"2023-08-01T09:35:15","modified_gmt":"2023-08-01T09:35:15","slug":"kunstkarvast-sadulavoo-pehmendus","status":"publish","type":"product","link":"https:\/\/www.allforhorses.ee\/ru\/toode\/kunstkarvast-sadulavoo-pehmendus\/","title":{"rendered":"Kunstkarvast Sadulav\u00f6\u00f6 Pehmendus"},"content":{"rendered":"","protected":false},"excerpt":{"rendered":"<p><strong>Kunstkarvast Sadulav\u00f6\u00f6 Pehmendus <\/strong>sobib nii pikadele kui ka l\u00fchikestele sadulav\u00f6\u00f6dele. Suurep\u00e4arane vahend survepunktide hajutamiseks. Materjal: 60% pol\u00fceester, 30% pol\u00fcakr\u00fc\u00fcl, 10% puuvill.<\/p>\n","protected":false},"featured_media":6719,"template":"","meta":[],"product_brand":[],"product_cat":[158,196,203],"product_tag":[],"class_list":{"0":"post-6713","1":"product","2":"type-product","3":"status-publish","4":"has-post-thumbnail","6":"product_cat-hobusele","7":"product_cat-sadulavood","8":"product_cat-sadulavoo-pehmendused","10":"first","11":"instock","12":"taxable","13":"shipping-taxable","14":"purchasable","15":"product-type-variable"},"_links":{"self":[{"href":"https:\/\/www.allforhorses.ee\/ru\/wp-json\/wp\/v2\/product\/6713","targetHints":{"allow":["GET"]}}],"collection":[{"href":"https:\/\/www.allforhorses.ee\/ru\/wp-json\/wp\/v2\/product"}],"about":[{"href":"https:\/\/www.allforhorses.ee\/ru\/wp-json\/wp\/v2\/types\/product"}],"wp:featuredmedia":[{"embeddable":true,"href":"https:\/\/www.allforhorses.ee\/ru\/wp-json\/wp\/v2\/media\/6719"}],"wp:attachment":[{"href":"https:\/\/www.allforhorses.ee\/ru\/wp-json\/wp\/v2\/media?parent=6713"}],"wp:term":[{"taxonomy":"product_brand","embeddable":true,"href":"https:\/\/www.allforhorses.ee\/ru\/wp-json\/wp\/v2\/product_brand?post=6713"},{"taxonomy":"product_cat","embeddable":true,"href":"https:\/\/www.allforhorses.ee\/ru\/wp-json\/wp\/v2\/product_cat?post=6713"},{"taxonomy":"product_tag","embeddable":true,"href":"https:\/\/www.allforhorses.ee\/ru\/wp-json\/wp\/v2\/product_tag?post=6713"}],"curies":[{"name":"wp","href":"https:\/\/api.w.org\/{rel}","templated":true}]}}