{"id":6703,"date":"2019-05-16T18:49:13","date_gmt":"2019-05-16T18:49:13","guid":{"rendered":"https:\/\/www.allforhorses.ee\/?post_type=product&#038;p=6703"},"modified":"2019-11-15T18:18:37","modified_gmt":"2019-11-15T18:18:37","slug":"sadulavoo-pehmendus","status":"publish","type":"product","link":"https:\/\/www.allforhorses.ee\/ru\/toode\/sadulavoo-pehmendus\/","title":{"rendered":"Sadulav\u00f6\u00f6 Pehmendus"},"content":{"rendered":"","protected":false},"excerpt":{"rendered":"<p><strong>Sadulav\u00f6\u00f6 Pehmendus <\/strong>on masinpestav 30\u00b0 juures.<\/p>\n","protected":false},"featured_media":6711,"template":"","meta":[],"product_brand":[],"product_cat":[158,196,203],"product_tag":[],"class_list":{"0":"post-6703","1":"product","2":"type-product","3":"status-publish","4":"has-post-thumbnail","6":"product_cat-hobusele","7":"product_cat-sadulavood","8":"product_cat-sadulavoo-pehmendused","10":"first","11":"instock","12":"taxable","13":"shipping-taxable","14":"purchasable","15":"product-type-variable"},"_links":{"self":[{"href":"https:\/\/www.allforhorses.ee\/ru\/wp-json\/wp\/v2\/product\/6703","targetHints":{"allow":["GET"]}}],"collection":[{"href":"https:\/\/www.allforhorses.ee\/ru\/wp-json\/wp\/v2\/product"}],"about":[{"href":"https:\/\/www.allforhorses.ee\/ru\/wp-json\/wp\/v2\/types\/product"}],"wp:featuredmedia":[{"embeddable":true,"href":"https:\/\/www.allforhorses.ee\/ru\/wp-json\/wp\/v2\/media\/6711"}],"wp:attachment":[{"href":"https:\/\/www.allforhorses.ee\/ru\/wp-json\/wp\/v2\/media?parent=6703"}],"wp:term":[{"taxonomy":"product_brand","embeddable":true,"href":"https:\/\/www.allforhorses.ee\/ru\/wp-json\/wp\/v2\/product_brand?post=6703"},{"taxonomy":"product_cat","embeddable":true,"href":"https:\/\/www.allforhorses.ee\/ru\/wp-json\/wp\/v2\/product_cat?post=6703"},{"taxonomy":"product_tag","embeddable":true,"href":"https:\/\/www.allforhorses.ee\/ru\/wp-json\/wp\/v2\/product_tag?post=6703"}],"curies":[{"name":"wp","href":"https:\/\/api.w.org\/{rel}","templated":true}]}}