{"id":6655,"date":"2019-05-16T18:16:24","date_gmt":"2019-05-16T18:16:24","guid":{"rendered":"https:\/\/www.allforhorses.ee\/?post_type=product&#038;p=6655"},"modified":"2025-11-01T12:43:26","modified_gmt":"2025-11-01T12:43:26","slug":"western-pehmendusega-sadulavoo","status":"publish","type":"product","link":"https:\/\/www.allforhorses.ee\/ru\/toode\/western-pehmendusega-sadulavoo\/","title":{"rendered":"Western Pehmendusega Sadulav\u00f6\u00f6"},"content":{"rendered":"","protected":false},"excerpt":{"rendered":"<p><b>Western Pehmendusega Sadulav\u00f6\u00f6 <\/b>on tehtud hingavast ja eriti tugevast materjalist. On kunstkarvast pehmendus. Sadulav\u00f6\u00f6l on suured, lamedad, vastupidavad pandlad, mis on valmistatud roostevabast terasest.<\/p>\n<p><em>Suurus: 65cm<\/em><\/p>\n<p>&nbsp;<\/p>\n","protected":false},"featured_media":6674,"template":"","meta":[],"product_brand":[],"product_cat":[158,196,201],"product_tag":[],"class_list":{"0":"post-6655","1":"product","2":"type-product","3":"status-publish","4":"has-post-thumbnail","6":"product_cat-hobusele","7":"product_cat-sadulavood","8":"product_cat-karvase-voodriga-sadulavood","10":"first","11":"instock","12":"taxable","13":"shipping-taxable","14":"purchasable","15":"product-type-simple"},"_links":{"self":[{"href":"https:\/\/www.allforhorses.ee\/ru\/wp-json\/wp\/v2\/product\/6655","targetHints":{"allow":["GET"]}}],"collection":[{"href":"https:\/\/www.allforhorses.ee\/ru\/wp-json\/wp\/v2\/product"}],"about":[{"href":"https:\/\/www.allforhorses.ee\/ru\/wp-json\/wp\/v2\/types\/product"}],"wp:featuredmedia":[{"embeddable":true,"href":"https:\/\/www.allforhorses.ee\/ru\/wp-json\/wp\/v2\/media\/6674"}],"wp:attachment":[{"href":"https:\/\/www.allforhorses.ee\/ru\/wp-json\/wp\/v2\/media?parent=6655"}],"wp:term":[{"taxonomy":"product_brand","embeddable":true,"href":"https:\/\/www.allforhorses.ee\/ru\/wp-json\/wp\/v2\/product_brand?post=6655"},{"taxonomy":"product_cat","embeddable":true,"href":"https:\/\/www.allforhorses.ee\/ru\/wp-json\/wp\/v2\/product_cat?post=6655"},{"taxonomy":"product_tag","embeddable":true,"href":"https:\/\/www.allforhorses.ee\/ru\/wp-json\/wp\/v2\/product_tag?post=6655"}],"curies":[{"name":"wp","href":"https:\/\/api.w.org\/{rel}","templated":true}]}}