{"id":6296,"date":"2019-05-09T08:06:04","date_gmt":"2019-05-09T08:06:04","guid":{"rendered":"https:\/\/www.allforhorses.ee\/?post_type=product&#038;p=6296"},"modified":"2023-07-19T20:38:24","modified_gmt":"2023-07-19T20:38:24","slug":"voistlussark-ellen","status":"publish","type":"product","link":"https:\/\/www.allforhorses.ee\/ru\/toode\/voistlussark-ellen\/","title":{"rendered":"V\u00f5istluss\u00e4rk &#171;Ellen&#187;"},"content":{"rendered":"","protected":false},"excerpt":{"rendered":"<p><strong>V\u00f5istluss\u00e4rk &#171;Ellen&#187;<\/strong>\u00a0on valmistatud hingavast ja pehmest riidest. Sobib nii lastele kui ka t\u00e4iskasvanutele. Masinpestav 30 kraadi juures. Materjal: 100% pol\u00fcester.<\/p>\n","protected":false},"featured_media":6309,"template":"","meta":[],"product_brand":[],"product_cat":[109,125,126],"product_tag":[],"class_list":{"0":"post-6296","1":"product","2":"type-product","3":"status-publish","4":"has-post-thumbnail","6":"product_cat-ratsariided","7":"product_cat-ratsasargid-ja-pluusid","8":"product_cat-t-sargid","10":"first","11":"instock","12":"taxable","13":"shipping-taxable","14":"purchasable","15":"product-type-variable"},"_links":{"self":[{"href":"https:\/\/www.allforhorses.ee\/ru\/wp-json\/wp\/v2\/product\/6296","targetHints":{"allow":["GET"]}}],"collection":[{"href":"https:\/\/www.allforhorses.ee\/ru\/wp-json\/wp\/v2\/product"}],"about":[{"href":"https:\/\/www.allforhorses.ee\/ru\/wp-json\/wp\/v2\/types\/product"}],"wp:featuredmedia":[{"embeddable":true,"href":"https:\/\/www.allforhorses.ee\/ru\/wp-json\/wp\/v2\/media\/6309"}],"wp:attachment":[{"href":"https:\/\/www.allforhorses.ee\/ru\/wp-json\/wp\/v2\/media?parent=6296"}],"wp:term":[{"taxonomy":"product_brand","embeddable":true,"href":"https:\/\/www.allforhorses.ee\/ru\/wp-json\/wp\/v2\/product_brand?post=6296"},{"taxonomy":"product_cat","embeddable":true,"href":"https:\/\/www.allforhorses.ee\/ru\/wp-json\/wp\/v2\/product_cat?post=6296"},{"taxonomy":"product_tag","embeddable":true,"href":"https:\/\/www.allforhorses.ee\/ru\/wp-json\/wp\/v2\/product_tag?post=6296"}],"curies":[{"name":"wp","href":"https:\/\/api.w.org\/{rel}","templated":true}]}}