{"id":6048,"date":"2019-05-03T12:07:25","date_gmt":"2019-05-03T12:07:25","guid":{"rendered":"https:\/\/www.allforhorses.ee\/?post_type=product&#038;p=6048"},"modified":"2025-11-29T10:14:13","modified_gmt":"2025-11-29T10:14:13","slug":"harjakast-master","status":"publish","type":"product","link":"https:\/\/www.allforhorses.ee\/ru\/toode\/harjakast-master\/","title":{"rendered":"Harjakast &#171;Master&#187;"},"content":{"rendered":"","protected":false},"excerpt":{"rendered":"<p><strong>Harjakast &#171;Master&#187;<\/strong> on suur, mahutab spreipudeleid p\u00fcstises asendis. Harjakastil on v\u00e4ljak\u00e4iv sahtel ja vahesein. Komplektis on kabja\u00f5li pintsli hoidja.<\/p>\n<p>M\u00f5\u00f5dud: <span style=\"font-family: Arial;\">40 x 30 x 24cm<\/span>.<\/p>\n<p>V\u00e4rv: sinine.<\/p>\n","protected":false},"featured_media":35527,"template":"","meta":[],"product_brand":[],"product_cat":[158,159,168,169],"product_tag":[],"class_list":{"0":"post-6048","1":"product","2":"type-product","3":"status-publish","4":"has-post-thumbnail","6":"product_cat-hobusele","7":"product_cat-hobuste-hooldusvahendid","8":"product_cat-harjakastid-ja-kotid","9":"product_cat-harjakastid","11":"first","12":"outofstock","13":"taxable","14":"shipping-taxable","15":"purchasable","16":"product-type-simple"},"_links":{"self":[{"href":"https:\/\/www.allforhorses.ee\/ru\/wp-json\/wp\/v2\/product\/6048","targetHints":{"allow":["GET"]}}],"collection":[{"href":"https:\/\/www.allforhorses.ee\/ru\/wp-json\/wp\/v2\/product"}],"about":[{"href":"https:\/\/www.allforhorses.ee\/ru\/wp-json\/wp\/v2\/types\/product"}],"wp:featuredmedia":[{"embeddable":true,"href":"https:\/\/www.allforhorses.ee\/ru\/wp-json\/wp\/v2\/media\/35527"}],"wp:attachment":[{"href":"https:\/\/www.allforhorses.ee\/ru\/wp-json\/wp\/v2\/media?parent=6048"}],"wp:term":[{"taxonomy":"product_brand","embeddable":true,"href":"https:\/\/www.allforhorses.ee\/ru\/wp-json\/wp\/v2\/product_brand?post=6048"},{"taxonomy":"product_cat","embeddable":true,"href":"https:\/\/www.allforhorses.ee\/ru\/wp-json\/wp\/v2\/product_cat?post=6048"},{"taxonomy":"product_tag","embeddable":true,"href":"https:\/\/www.allforhorses.ee\/ru\/wp-json\/wp\/v2\/product_tag?post=6048"}],"curies":[{"name":"wp","href":"https:\/\/api.w.org\/{rel}","templated":true}]}}