{"id":5796,"date":"2019-04-25T08:13:49","date_gmt":"2019-04-25T08:13:49","guid":{"rendered":"https:\/\/www.allforhorses.ee\/?post_type=product&#038;p=5796"},"modified":"2025-06-12T11:07:14","modified_gmt":"2025-06-12T11:07:14","slug":"karjuselint-farmer-t40-w200m","status":"publish","type":"product","link":"https:\/\/www.allforhorses.ee\/ru\/toode\/karjuselint-farmer-t40-w200m\/","title":{"rendered":"Karjuselint &#171;Farmer T40-W&#187;(200m, 4cm)"},"content":{"rendered":"","protected":false},"excerpt":{"rendered":"<p><strong>Karjuselint &#171;Farmer T40-W&#187;<\/strong> on tugevdatud v\u00e4lis\u00e4\u00e4red. Kandev\u00f5ime: 120 kg.<br \/>\nFARMER T20-W: 20 mm, 200 m , takistus &#8212; 0,15 \u03a9\/m.<br \/>\nFARMER T40-W: 40 mm, 200 m , takistus &#8212; 0,15 \u03a9\/m.<\/p>\n","protected":false},"featured_media":5799,"template":"","meta":[],"product_brand":[],"product_cat":[145,153],"product_tag":[],"class_list":{"0":"post-5796","1":"product","2":"type-product","3":"status-publish","4":"has-post-thumbnail","6":"product_cat-talli","7":"product_cat-elektrikarjuse-lindid-ja-tarvikud","9":"first","10":"instock","11":"taxable","12":"shipping-taxable","13":"purchasable","14":"product-type-variable"},"_links":{"self":[{"href":"https:\/\/www.allforhorses.ee\/ru\/wp-json\/wp\/v2\/product\/5796","targetHints":{"allow":["GET"]}}],"collection":[{"href":"https:\/\/www.allforhorses.ee\/ru\/wp-json\/wp\/v2\/product"}],"about":[{"href":"https:\/\/www.allforhorses.ee\/ru\/wp-json\/wp\/v2\/types\/product"}],"wp:featuredmedia":[{"embeddable":true,"href":"https:\/\/www.allforhorses.ee\/ru\/wp-json\/wp\/v2\/media\/5799"}],"wp:attachment":[{"href":"https:\/\/www.allforhorses.ee\/ru\/wp-json\/wp\/v2\/media?parent=5796"}],"wp:term":[{"taxonomy":"product_brand","embeddable":true,"href":"https:\/\/www.allforhorses.ee\/ru\/wp-json\/wp\/v2\/product_brand?post=5796"},{"taxonomy":"product_cat","embeddable":true,"href":"https:\/\/www.allforhorses.ee\/ru\/wp-json\/wp\/v2\/product_cat?post=5796"},{"taxonomy":"product_tag","embeddable":true,"href":"https:\/\/www.allforhorses.ee\/ru\/wp-json\/wp\/v2\/product_tag?post=5796"}],"curies":[{"name":"wp","href":"https:\/\/api.w.org\/{rel}","templated":true}]}}