{"id":4999,"date":"2019-04-18T05:29:09","date_gmt":"2019-04-18T05:29:09","guid":{"rendered":"https:\/\/www.allforhorses.ee\/?post_type=product&#038;p=4999"},"modified":"2023-04-06T12:30:16","modified_gmt":"2023-04-06T12:30:16","slug":"pfiff-ratsapuksid-thea","status":"publish","type":"product","link":"https:\/\/www.allforhorses.ee\/ru\/toode\/pfiff-ratsapuksid-thea\/","title":{"rendered":"Pfiff T\u00e4isnahkadega Ratsap\u00fcksid &#171;Thea&#187;"},"content":{"rendered":"","protected":false},"excerpt":{"rendered":"<p><strong>Pfiff Ratsap\u00fcksid &#171;Thea&#187;<\/strong> on hingavad, pehmed ja mugavad. P\u00fcksid on\u00a0alt elastse s\u00e4\u00e4reosaga. Masinpestav 30-kraadi juures.\u00a0Materjal: 95% puuvill, 5% elastaan.<\/p>\n","protected":false},"featured_media":5035,"template":"","meta":[],"product_brand":[],"product_cat":[109,114,115,117],"product_tag":[],"class_list":{"0":"post-4999","1":"product","2":"type-product","3":"status-publish","4":"has-post-thumbnail","6":"product_cat-ratsariided","7":"product_cat-ratsapuksid","8":"product_cat-naiste-ratsapuksid","9":"product_cat-laste-ratsapuksid","11":"first","12":"instock","13":"taxable","14":"shipping-taxable","15":"purchasable","16":"product-type-variable"},"_links":{"self":[{"href":"https:\/\/www.allforhorses.ee\/ru\/wp-json\/wp\/v2\/product\/4999","targetHints":{"allow":["GET"]}}],"collection":[{"href":"https:\/\/www.allforhorses.ee\/ru\/wp-json\/wp\/v2\/product"}],"about":[{"href":"https:\/\/www.allforhorses.ee\/ru\/wp-json\/wp\/v2\/types\/product"}],"wp:featuredmedia":[{"embeddable":true,"href":"https:\/\/www.allforhorses.ee\/ru\/wp-json\/wp\/v2\/media\/5035"}],"wp:attachment":[{"href":"https:\/\/www.allforhorses.ee\/ru\/wp-json\/wp\/v2\/media?parent=4999"}],"wp:term":[{"taxonomy":"product_brand","embeddable":true,"href":"https:\/\/www.allforhorses.ee\/ru\/wp-json\/wp\/v2\/product_brand?post=4999"},{"taxonomy":"product_cat","embeddable":true,"href":"https:\/\/www.allforhorses.ee\/ru\/wp-json\/wp\/v2\/product_cat?post=4999"},{"taxonomy":"product_tag","embeddable":true,"href":"https:\/\/www.allforhorses.ee\/ru\/wp-json\/wp\/v2\/product_tag?post=4999"}],"curies":[{"name":"wp","href":"https:\/\/api.w.org\/{rel}","templated":true}]}}