{"id":48305,"date":"2026-04-17T08:45:57","date_gmt":"2026-04-17T08:45:57","guid":{"rendered":"https:\/\/www.allforhorses.ee\/?post_type=product&#038;p=48305"},"modified":"2026-04-17T09:03:57","modified_gmt":"2026-04-17T09:03:57","slug":"hkm-harjakast-gloss","status":"publish","type":"product","link":"https:\/\/www.allforhorses.ee\/ru\/toode\/hkm-harjakast-gloss\/","title":{"rendered":"HKM Harjakast &#171;Gloss&#187;"},"content":{"rendered":"","protected":false},"excerpt":{"rendered":"<p><strong>HKM Harjakast<\/strong><\/p>\n<p>Reguleeritavad sisemised vaheseinad\u044e T\u00e4ielikult vahuga vooderdatud luksuslik sisemus\u044e Tugevdatud nurgad lisakaitseks\u044e \u00c4rak\u00e4iv sahtel v\u00e4ikestele tarvikutele\u044e Kaks numbrilukuga kinnitusklambrit<\/p>\n<p>Materjal: roostevaba alumiinium<br \/>\nM\u00f5\u00f5dud: 38 x 28 x 30 cm<\/p>\n<p>&nbsp;<\/p>\n","protected":false},"featured_media":48308,"template":"","meta":[],"product_brand":[],"product_cat":[158,735,159,168,169],"product_tag":[],"class_list":{"0":"post-48305","1":"product","2":"type-product","3":"status-publish","4":"has-post-thumbnail","6":"product_cat-hobusele","7":"product_cat-allahindlus","8":"product_cat-hobuste-hooldusvahendid","9":"product_cat-harjakastid-ja-kotid","10":"product_cat-harjakastid","12":"first","13":"instock","14":"sale","15":"taxable","16":"shipping-taxable","17":"purchasable","18":"product-type-simple"},"_links":{"self":[{"href":"https:\/\/www.allforhorses.ee\/ru\/wp-json\/wp\/v2\/product\/48305","targetHints":{"allow":["GET"]}}],"collection":[{"href":"https:\/\/www.allforhorses.ee\/ru\/wp-json\/wp\/v2\/product"}],"about":[{"href":"https:\/\/www.allforhorses.ee\/ru\/wp-json\/wp\/v2\/types\/product"}],"wp:featuredmedia":[{"embeddable":true,"href":"https:\/\/www.allforhorses.ee\/ru\/wp-json\/wp\/v2\/media\/48308"}],"wp:attachment":[{"href":"https:\/\/www.allforhorses.ee\/ru\/wp-json\/wp\/v2\/media?parent=48305"}],"wp:term":[{"taxonomy":"product_brand","embeddable":true,"href":"https:\/\/www.allforhorses.ee\/ru\/wp-json\/wp\/v2\/product_brand?post=48305"},{"taxonomy":"product_cat","embeddable":true,"href":"https:\/\/www.allforhorses.ee\/ru\/wp-json\/wp\/v2\/product_cat?post=48305"},{"taxonomy":"product_tag","embeddable":true,"href":"https:\/\/www.allforhorses.ee\/ru\/wp-json\/wp\/v2\/product_tag?post=48305"}],"curies":[{"name":"wp","href":"https:\/\/api.w.org\/{rel}","templated":true}]}}