{"id":48295,"date":"2026-04-06T07:59:54","date_gmt":"2026-04-06T07:59:54","guid":{"rendered":"https:\/\/www.allforhorses.ee\/?post_type=product&#038;p=48295"},"modified":"2026-04-06T08:04:02","modified_gmt":"2026-04-06T08:04:02","slug":"vita-e-plus-taiendsoot-hobustele","status":"publish","type":"product","link":"https:\/\/www.allforhorses.ee\/ru\/toode\/vita-e-plus-taiendsoot-hobustele\/","title":{"rendered":"Vita-e-plus T\u00e4iends\u00f6\u00f6t Hobustele"},"content":{"rendered":"<div class=\"wpb-content-wrapper\"><p>[vc_row][vc_column][vc_column_text css=&#187;&#187; css_params=&#187;&#187;]<strong>KOOSTIS<\/strong><br \/>\nMaisit\u00e4rklis, kaltsiumkarbonaat, dekstroos,dekstriin.<\/p>\n<p><strong>Lisandid 50g kohta<\/strong><\/p>\n<p><em>Aminohapped<\/em><\/p>\n<table>\n<tbody>\n<tr>\n<td>L-l\u00fcsiin monoh\u00fcdrokloriid<\/td>\n<td>10&nbsp;000 mg<\/td>\n<\/tr>\n<\/tbody>\n<\/table>\n<p><em>Vitamiinid<\/em><\/p>\n<table>\n<tbody>\n<tr>\n<td>E-vitamiin ( \u03b1-tokoferool atsetaat)<\/td>\n<td>2250 R\u00dc<\/td>\n<\/tr>\n<tr>\n<td>C-vitamiin ( L askorbiinhape)<\/td>\n<td>2000 mg<\/td>\n<\/tr>\n<tr>\n<td>B1-vitamiin<\/td>\n<td>500 mg<\/td>\n<\/tr>\n<tr>\n<td>B2-vitamiin<\/td>\n<td>100 mg<\/td>\n<\/tr>\n<\/tbody>\n<\/table>\n<p><em>Mikroelemendid<\/em><\/p>\n<table>\n<tbody>\n<tr>\n<td>Seleen ( 3b8.10)<\/td>\n<td>500 \u03bcg<\/td>\n<\/tr>\n<\/tbody>\n<\/table>\n<p><em>Paakumisvastased ained<\/em><\/p>\n<table>\n<tbody>\n<tr>\n<td>R\u00e4nihape ( sadestatud ja kuivatatud kujul)<\/td>\n<td>1000 mg<\/td>\n<\/tr>\n<\/tbody>\n<\/table>\n<p><strong>ANAL\u00dc\u00dcTILINE KOOSTIS<\/strong><br \/>\nProteiin 20,8%, toorrasv 4,9%, toorkiud 0,1%, toortuhk 25,4%, naatrium 0,05%, kaltsium 9,2%.[\/vc_column_text][\/vc_column][\/vc_row]<\/p>\n<\/div>","protected":false},"excerpt":{"rendered":"<p><strong>Vita-e-plus<\/strong> on t<em>\u00e4iends\u00f6\u00f6t hobustele.<br \/>\n<\/em><\/p>\n<p>Treeningu tulemusel suureneb hobustel organismis vabade radikaalide hulk, mis l\u00f5hustamata j\u00e4\u00e4des tekitavad organismis mitmesuguseid kahjustusi. Antioks\u00fcdantide nagu E-vitamiini, C-vitamiini ja seleeni manustamine aitab v\u00e4ltida vabade radikaalide tekkega seotud oks\u00fcdatiivset stressi. Lisaks kontsentreeritud kujul antioks\u00fcdantidele sisaldab VITA-E-PLUS ka asendamatut aminohapet \u2013 l\u00fcsiini ning B1- ja B2-vitamiine.<\/p>\n<p>Erinevate toitainete vaegus tekib eriti k\u00fclmadel talvekuudel, sest enamusel juhtudel ei paku talvine s\u00f6\u00f6t j\u00f5udluse ja viljakuse tagamiseks piisavalt toitaineid. Toitmine VITA-E-PLUS-iga varustab t\u00f5um\u00e4rade ja \u2013t\u00e4kkude organismid sigimiseks oluliste vitamiinide ja asendamatu aminohappe l\u00fcsiiniga. Toote kasutamine ei ole vastuolus v\u00f5istlusreeglitega.<\/p>\n<div>\n<p><strong>KASUTAMISE JUHIS<\/strong><\/p>\n<p>VITA-E-PLUS-i tuleb manustada koos tavalise p\u00e4evase s\u00f6\u00f6daratsiooniga.<\/p>\n<p>Treenitavad hobused 50 g p\u00e4evas.<\/p>\n<p>T\u00f5um\u00e4rad ja \u2013t\u00e4kud 50 g p\u00e4evas paaritamise perioodil<\/p>\n<p>Varsad ja \u00fcheaastased hobused 50 g \u00fcle p\u00e4eva.<\/p>\n<p><strong>HOIATUSED<\/strong><br \/>\nHoida lastele k\u00e4ttesaamatus kohas. Ainult loomadel kasutamiseks.<\/p>\n<p><strong>NETOKOGUS<\/strong><br \/>\n30 x 50 g pulbrikotike<\/p>\n<p><strong>SOOVITUSLIKUD S\u00c4ILITAMISE TINGIMUSED<\/strong><br \/>\nHoidke temperatuuril alla 25\u00b0C.<\/p>\n<\/div>\n","protected":false},"featured_media":48297,"template":"","meta":[],"product_brand":[],"product_cat":[757,735,158],"product_tag":[],"class_list":{"0":"post-48295","1":"product","2":"type-product","3":"status-publish","4":"has-post-thumbnail","6":"product_cat-hobuste-tervisehoid-2","7":"product_cat-allahindlus","8":"product_cat-hobusele","10":"first","11":"instock","12":"sale","13":"taxable","14":"shipping-taxable","15":"purchasable","16":"product-type-simple"},"_links":{"self":[{"href":"https:\/\/www.allforhorses.ee\/ru\/wp-json\/wp\/v2\/product\/48295","targetHints":{"allow":["GET"]}}],"collection":[{"href":"https:\/\/www.allforhorses.ee\/ru\/wp-json\/wp\/v2\/product"}],"about":[{"href":"https:\/\/www.allforhorses.ee\/ru\/wp-json\/wp\/v2\/types\/product"}],"wp:featuredmedia":[{"embeddable":true,"href":"https:\/\/www.allforhorses.ee\/ru\/wp-json\/wp\/v2\/media\/48297"}],"wp:attachment":[{"href":"https:\/\/www.allforhorses.ee\/ru\/wp-json\/wp\/v2\/media?parent=48295"}],"wp:term":[{"taxonomy":"product_brand","embeddable":true,"href":"https:\/\/www.allforhorses.ee\/ru\/wp-json\/wp\/v2\/product_brand?post=48295"},{"taxonomy":"product_cat","embeddable":true,"href":"https:\/\/www.allforhorses.ee\/ru\/wp-json\/wp\/v2\/product_cat?post=48295"},{"taxonomy":"product_tag","embeddable":true,"href":"https:\/\/www.allforhorses.ee\/ru\/wp-json\/wp\/v2\/product_tag?post=48295"}],"curies":[{"name":"wp","href":"https:\/\/api.w.org\/{rel}","templated":true}]}}