{"id":48289,"date":"2026-04-06T07:42:12","date_gmt":"2026-04-06T07:42:12","guid":{"rendered":"https:\/\/www.allforhorses.ee\/?post_type=product&#038;p=48289"},"modified":"2026-04-06T07:59:27","modified_gmt":"2026-04-06T07:59:27","slug":"superlyte-pasta-3x70g","status":"publish","type":"product","link":"https:\/\/www.allforhorses.ee\/ru\/toode\/superlyte-pasta-3x70g\/","title":{"rendered":"Superlyte pasta 3x70g"},"content":{"rendered":"<div class=\"wpb-content-wrapper\"><p>[vc_row][vc_column][vc_column_text css=&#187;&#187; css_params=&#187;&#187;]<\/p>\n<div><strong>KOOSTIS<\/strong><\/div>\n<div>Suhkruroo melass, naatriumatsetaat, naatriumkloriid, kaaliumkloriid, magneesiumkloriid..<\/div>\n<div>\n<strong>S\u00d6\u00d6DALISANDID 1kg kohta<\/strong><\/div>\n<div>Kaltsiumlaktaat 55600 mg<\/div>\n<p><strong>ANAL\u00dc\u00dcTILINE KOOSTIS<br \/>\n<\/strong>Naatrium 4,914%, kloriid 7,1%, kaalium 2,457%, kaltsium 0,77%, magneesium 0,386%, gl\u00fckoos 8,4%.[\/vc_column_text][\/vc_column][\/vc_row]<\/p>\n<\/div>","protected":false},"excerpt":{"rendered":"<p><strong>Superlyte pasta 3x70g<\/strong> on t<em>\u00e4iends\u00f6\u00f6t ( dieets\u00f6\u00f6t ) hobustele.<\/em><\/p>\n<div>OLULISED TOITEOMADUSED<br \/>\nElektrol\u00fc\u00fctide ja kergesti omastatavate s\u00fcsivesikute suur sisaldus.<\/div>\n<div>\nERIS\u00d6\u00d6DA KASUTUSOTSTARVE<\/div>\n<div>Elektrol\u00fc\u00fcdikaotuse kompenseerimine p\u00e4rast ohtrat higistamist. Soovitatakse eriti f\u00fc\u00fcsilise koormuse ajal ja\/v\u00f5i kuumas kliimas.<\/div>\n<div><\/div>\n<div>SOOVITATAV KASUTUSAEG<\/div>\n<div>1 \u2026 3 p\u00e4eva.<\/div>\n<div>\nKASUTAMISE JUHIS<\/div>\n<div>Suukaudseks manustamiseks.<\/div>\n<div>Treenitavad hobused: \u00dcks s\u00fcstal p\u00e4rast treeningut.<\/div>\n<div>Transporditavad hobused ja manustamine kuuma ilma korral: \u00dcks s\u00fcstal p\u00e4evas.<\/div>\n<div>Vesi peab alati olema k\u00e4ttesaadav.<\/div>\n<div>Enne kasutamist v\u00f5i kasutusaja pikendamist soovitatakse k\u00fcsida s\u00f6\u00f6tmiseksperdi v\u00f5i veterinaararsti arvamust.<\/div>\n<div>\nHOIATUSED<\/div>\n<div>Hoida lastele k\u00e4ttesaamatus kohas. Kasutamiseks loomadele.<\/div>\n","protected":false},"featured_media":48291,"template":"","meta":[],"product_brand":[],"product_cat":[757,158],"product_tag":[],"class_list":{"0":"post-48289","1":"product","2":"type-product","3":"status-publish","4":"has-post-thumbnail","6":"product_cat-hobuste-tervisehoid-2","7":"product_cat-hobusele","9":"first","10":"instock","11":"taxable","12":"shipping-taxable","13":"purchasable","14":"product-type-simple"},"_links":{"self":[{"href":"https:\/\/www.allforhorses.ee\/ru\/wp-json\/wp\/v2\/product\/48289","targetHints":{"allow":["GET"]}}],"collection":[{"href":"https:\/\/www.allforhorses.ee\/ru\/wp-json\/wp\/v2\/product"}],"about":[{"href":"https:\/\/www.allforhorses.ee\/ru\/wp-json\/wp\/v2\/types\/product"}],"wp:featuredmedia":[{"embeddable":true,"href":"https:\/\/www.allforhorses.ee\/ru\/wp-json\/wp\/v2\/media\/48291"}],"wp:attachment":[{"href":"https:\/\/www.allforhorses.ee\/ru\/wp-json\/wp\/v2\/media?parent=48289"}],"wp:term":[{"taxonomy":"product_brand","embeddable":true,"href":"https:\/\/www.allforhorses.ee\/ru\/wp-json\/wp\/v2\/product_brand?post=48289"},{"taxonomy":"product_cat","embeddable":true,"href":"https:\/\/www.allforhorses.ee\/ru\/wp-json\/wp\/v2\/product_cat?post=48289"},{"taxonomy":"product_tag","embeddable":true,"href":"https:\/\/www.allforhorses.ee\/ru\/wp-json\/wp\/v2\/product_tag?post=48289"}],"curies":[{"name":"wp","href":"https:\/\/api.w.org\/{rel}","templated":true}]}}