{"id":48062,"date":"2026-01-31T11:50:12","date_gmt":"2026-01-31T11:50:12","guid":{"rendered":"https:\/\/www.allforhorses.ee\/?post_type=product&#038;p=48062"},"modified":"2026-03-24T09:06:01","modified_gmt":"2026-03-24T09:06:01","slug":"wahlsten-nahast-sorirakmete-komplekt-line-pony-shetty","status":"publish","type":"product","link":"https:\/\/www.allforhorses.ee\/ru\/toode\/wahlsten-nahast-sorirakmete-komplekt-line-pony-shetty\/","title":{"rendered":"Wahlsten Nahast Sorirakmete Komplekt &#171;Line&#187; Pony\/Shetty"},"content":{"rendered":"","protected":false},"excerpt":{"rendered":"<p><strong>Wahlsten Sorirakmete Komplekt &#171;Line&#187; \u00a0<\/strong>on kvaliteetsest nahast.<br \/>\nTugev ja vastupidav traditsiooniline treeningrakmete komplekt poni ja shetty jaoks. Rakmed on valmistatud k\u00f5rgekvaliteedilisest Rootsi T\u00e4rnsj\u00f6 nahast ja k\u00f5ik metallosad on roostevabast terasest. Rakmete p\u00f5hiosale(Harness body) kehtib 2-aastane garantii.<\/p>\n<p data-start=\"306\" data-end=\"327\">Komplekti kuulub:<\/p>\n<ul>\n<li data-start=\"606\" data-end=\"623\">Rakmete p\u00f5hiosa<\/li>\n<li data-start=\"606\" data-end=\"623\">Rakmete alus Titex, must (01256-P-BKBK)<\/li>\n<li data-start=\"606\" data-end=\"623\">Sadulav\u00f6\u00f6, nahast, suurus 40 cm (01098-40)<\/li>\n<li data-start=\"606\" data-end=\"623\">Sabarihm rullnahast sabaaluse osaga, nahast (01122)<\/li>\n<li data-start=\"606\" data-end=\"623\">Buxton rinnarihm Prime, nailon, must (01087-PONY-BKBK)<\/li>\n<li data-start=\"606\" data-end=\"623\">Saft rihmad, nahast (01110)<\/li>\n<li data-start=\"606\" data-end=\"623\">Ohjad, nahast, must (pikkus: poni 6 m \/shetland 5,4 m)<\/li>\n<li data-start=\"606\" data-end=\"623\">Valjad, nahast (201046-SHET \/ 201046-PONY)<\/li>\n<li data-start=\"606\" data-end=\"623\">Overcheck, nahast (01058-P \/ 01058-S)<\/li>\n<li style=\"list-style-type: none;\"><\/li>\n<\/ul>\n<p><em>Sorirakmete komplekt on ainult ettetellimisel(tarneaeg umbes 14 t\u00f6\u00f6p\u00e4eva).<\/em><\/p>\n","protected":false},"featured_media":48065,"template":"","meta":[],"product_brand":[],"product_cat":[1232,158],"product_tag":[],"class_list":{"0":"post-48062","1":"product","2":"type-product","3":"status-publish","4":"has-post-thumbnail","6":"product_cat-rakmed","7":"product_cat-hobusele","9":"first","10":"instock","11":"taxable","12":"shipping-taxable","13":"purchasable","14":"product-type-variable"},"_links":{"self":[{"href":"https:\/\/www.allforhorses.ee\/ru\/wp-json\/wp\/v2\/product\/48062","targetHints":{"allow":["GET"]}}],"collection":[{"href":"https:\/\/www.allforhorses.ee\/ru\/wp-json\/wp\/v2\/product"}],"about":[{"href":"https:\/\/www.allforhorses.ee\/ru\/wp-json\/wp\/v2\/types\/product"}],"wp:featuredmedia":[{"embeddable":true,"href":"https:\/\/www.allforhorses.ee\/ru\/wp-json\/wp\/v2\/media\/48065"}],"wp:attachment":[{"href":"https:\/\/www.allforhorses.ee\/ru\/wp-json\/wp\/v2\/media?parent=48062"}],"wp:term":[{"taxonomy":"product_brand","embeddable":true,"href":"https:\/\/www.allforhorses.ee\/ru\/wp-json\/wp\/v2\/product_brand?post=48062"},{"taxonomy":"product_cat","embeddable":true,"href":"https:\/\/www.allforhorses.ee\/ru\/wp-json\/wp\/v2\/product_cat?post=48062"},{"taxonomy":"product_tag","embeddable":true,"href":"https:\/\/www.allforhorses.ee\/ru\/wp-json\/wp\/v2\/product_tag?post=48062"}],"curies":[{"name":"wp","href":"https:\/\/api.w.org\/{rel}","templated":true}]}}