{"id":47948,"date":"2026-01-17T11:05:46","date_gmt":"2026-01-17T11:05:46","guid":{"rendered":"https:\/\/www.allforhorses.ee\/?post_type=product&#038;p=47948"},"modified":"2026-01-17T11:11:24","modified_gmt":"2026-01-17T11:11:24","slug":"hkm-nahast-ratsasaapad-titanium-style-luhike-laius-l","status":"publish","type":"product","link":"https:\/\/www.allforhorses.ee\/ru\/toode\/hkm-nahast-ratsasaapad-titanium-style-luhike-laius-l\/","title":{"rendered":"HKM Nahast Ratsasaapad &#171;Titanium Style&#187; l\u00fchike\/laius L"},"content":{"rendered":"<div class=\"wpb-content-wrapper\"><p>[vc_row][vc_column][vc_column_text css=&#187;&#187; css_params=&#187;&#187;][\/vc_column_text][\/vc_column][\/vc_row]<\/p>\n<\/div>","protected":false},"excerpt":{"rendered":"<p><strong>HKM Nahast Ratsasaapad short\/width L<\/strong><span class=\"base\" data-ui-id=\"page-title-wrapper\">\u00a0<\/span><\/p>\n<ul>\n<li data-start=\"11\" data-end=\"71\">\n<p data-start=\"13\" data-end=\"71\">Vastupidav ja pehme nahk maksimaalse mugavuse tagamiseks<\/p>\n<\/li>\n<li data-start=\"72\" data-end=\"101\">\n<p data-start=\"74\" data-end=\"101\">Pealismaterjal: veisenahk<\/p>\n<\/li>\n<li data-start=\"102\" data-end=\"124\">\n<p data-start=\"104\" data-end=\"124\">Vooder: vasikanahk<\/p>\n<\/li>\n<li data-start=\"125\" data-end=\"153\">\n<p data-start=\"127\" data-end=\"153\">M\u00e4lumaterjaliga sisetald<\/p>\n<\/li>\n<li data-start=\"154\" data-end=\"187\">\n<p data-start=\"156\" data-end=\"187\">Kannuserihma tugi (3 asendit)<\/p>\n<\/li>\n<li data-start=\"188\" data-end=\"213\">\n<p data-start=\"190\" data-end=\"213\">Eriti vastupidav lukk<\/p>\n<\/li>\n<li data-start=\"214\" data-end=\"233\">\n<p data-start=\"216\" data-end=\"233\">Elastsed paelad<\/p>\n<\/li>\n<li data-start=\"234\" data-end=\"256\">\n<p data-start=\"236\" data-end=\"256\">Eriti pehme vooder<\/p>\n<\/li>\n<li data-start=\"257\" data-end=\"300\">\n<p data-start=\"259\" data-end=\"300\">Elastne vahet\u00fckk t\u00e4iuslikuks sobivuseks<\/p>\n<\/li>\n<li data-start=\"301\" data-end=\"332\">\n<p data-start=\"303\" data-end=\"332\">Eriti saleda joonega disain<\/p>\n<\/li>\n<li data-start=\"333\" data-end=\"369\">\n<p data-start=\"335\" data-end=\"369\">Mugavad saapad \u2013 sobivad k\u00f5igile<\/p>\n<\/li>\n<li data-start=\"370\" data-end=\"445\">\n<p data-start=\"372\" data-end=\"445\">Silikoontr\u00fckiga sisevooder hoiab s\u00e4\u00e4reosa paigal ja takistab libisemist<\/p>\n<\/li>\n<li data-start=\"446\" data-end=\"487\" data-is-last-node=\"\">\n<p data-start=\"448\" data-end=\"487\" data-is-last-node=\"\">\u00d5mmeldud tallad, mis ei saa lahti tulla<\/p>\n<\/li>\n<\/ul>\n<p><em>HKM Ratsasaapad on ainult ettetellimisel(tarne u 10 t\u00f6\u00f6p\u00e4eva).<\/em><\/p>\n","protected":false},"featured_media":47968,"template":"","meta":[],"product_brand":[],"product_cat":[109,110,112],"product_tag":[],"class_list":{"0":"post-47948","1":"product","2":"type-product","3":"status-publish","4":"has-post-thumbnail","6":"product_cat-ratsariided","7":"product_cat-ratsasaapad","8":"product_cat-pikad-ratsasaapad","10":"first","11":"instock","12":"taxable","13":"shipping-taxable","14":"purchasable","15":"product-type-variable"},"_links":{"self":[{"href":"https:\/\/www.allforhorses.ee\/ru\/wp-json\/wp\/v2\/product\/47948","targetHints":{"allow":["GET"]}}],"collection":[{"href":"https:\/\/www.allforhorses.ee\/ru\/wp-json\/wp\/v2\/product"}],"about":[{"href":"https:\/\/www.allforhorses.ee\/ru\/wp-json\/wp\/v2\/types\/product"}],"wp:featuredmedia":[{"embeddable":true,"href":"https:\/\/www.allforhorses.ee\/ru\/wp-json\/wp\/v2\/media\/47968"}],"wp:attachment":[{"href":"https:\/\/www.allforhorses.ee\/ru\/wp-json\/wp\/v2\/media?parent=47948"}],"wp:term":[{"taxonomy":"product_brand","embeddable":true,"href":"https:\/\/www.allforhorses.ee\/ru\/wp-json\/wp\/v2\/product_brand?post=47948"},{"taxonomy":"product_cat","embeddable":true,"href":"https:\/\/www.allforhorses.ee\/ru\/wp-json\/wp\/v2\/product_cat?post=47948"},{"taxonomy":"product_tag","embeddable":true,"href":"https:\/\/www.allforhorses.ee\/ru\/wp-json\/wp\/v2\/product_tag?post=47948"}],"curies":[{"name":"wp","href":"https:\/\/api.w.org\/{rel}","templated":true}]}}