{"id":47814,"date":"2026-01-13T21:37:43","date_gmt":"2026-01-13T21:37:43","guid":{"rendered":"https:\/\/www.allforhorses.ee\/?post_type=product&#038;p=47814"},"modified":"2026-02-01T16:30:26","modified_gmt":"2026-02-01T16:30:26","slug":"hkm-ouetekk-starter-600d-fliis","status":"publish","type":"product","link":"https:\/\/www.allforhorses.ee\/ru\/toode\/hkm-ouetekk-starter-600d-fliis\/","title":{"rendered":"HKM \u00d5uetekk &#171;Starter&#187; 600D, fliis"},"content":{"rendered":"","protected":false},"excerpt":{"rendered":"<p><strong>HKM Eemaldatava kaelaosaga \u00d5uetekk 600D, fliis<\/strong><span class=\"base\" data-ui-id=\"page-title-wrapper\"><br \/>\n<\/span>Tekk on vihmakindel(kuni 3.000 mm), tuulekindel, hingav(3.000 ml m\u00b2\/24 h), vastupidavast materjalist 600D.<br \/>\nEi piira liikumist(\u00f5lal\u00f5hikud).<br \/>\nVooder on valmistatud soojast polaarfliisist.<br data-start=\"423\" data-end=\"426\" \/>Metallkinnitused. Sabat\u00fckk on eriti pikk ja pakub lisakaitset. \u00d5mblused on teibitud, et v\u00e4ltida vee l\u00e4bitungimist. Risti kinnitatavad rihmad on reguleeritavad.<br \/>\n600D rebenemiskindel 100% pol\u00fcester.<br \/>\nKuni 3.000 mm veepidavus.<br \/>\nMasinpestav sarnaste toonidega 30 kraadiga. Sobib pesukuivatisse.<br \/>\nV\u00e4rv: tumesinine.<\/p>\n<p><em>Tarneaeg u 14 t\u00f6\u00f6p\u00e4eva.<br \/>\nLAOS 135, 145, 155, 165cm.<\/em><\/p>\n<p>&nbsp;<\/p>\n<p>&nbsp;<\/p>\n<p>&nbsp;<\/p>\n","protected":false},"featured_media":47836,"template":"","meta":[],"product_brand":[],"product_cat":[158,1231,244,246],"product_tag":[],"class_list":{"0":"post-47814","1":"product","2":"type-product","3":"status-publish","4":"has-post-thumbnail","6":"product_cat-hobusele","7":"product_cat-kaelaosaga-ouetekid","8":"product_cat-hobuste-tekid-tarvikud","9":"product_cat-ouetekid","11":"first","12":"instock","13":"featured","14":"taxable","15":"shipping-taxable","16":"purchasable","17":"product-type-variable"},"_links":{"self":[{"href":"https:\/\/www.allforhorses.ee\/ru\/wp-json\/wp\/v2\/product\/47814","targetHints":{"allow":["GET"]}}],"collection":[{"href":"https:\/\/www.allforhorses.ee\/ru\/wp-json\/wp\/v2\/product"}],"about":[{"href":"https:\/\/www.allforhorses.ee\/ru\/wp-json\/wp\/v2\/types\/product"}],"wp:featuredmedia":[{"embeddable":true,"href":"https:\/\/www.allforhorses.ee\/ru\/wp-json\/wp\/v2\/media\/47836"}],"wp:attachment":[{"href":"https:\/\/www.allforhorses.ee\/ru\/wp-json\/wp\/v2\/media?parent=47814"}],"wp:term":[{"taxonomy":"product_brand","embeddable":true,"href":"https:\/\/www.allforhorses.ee\/ru\/wp-json\/wp\/v2\/product_brand?post=47814"},{"taxonomy":"product_cat","embeddable":true,"href":"https:\/\/www.allforhorses.ee\/ru\/wp-json\/wp\/v2\/product_cat?post=47814"},{"taxonomy":"product_tag","embeddable":true,"href":"https:\/\/www.allforhorses.ee\/ru\/wp-json\/wp\/v2\/product_tag?post=47814"}],"curies":[{"name":"wp","href":"https:\/\/api.w.org\/{rel}","templated":true}]}}