{"id":47678,"date":"2026-01-12T18:32:36","date_gmt":"2026-01-12T18:32:36","guid":{"rendered":"https:\/\/www.allforhorses.ee\/?post_type=product&#038;p=47678"},"modified":"2026-03-09T14:32:50","modified_gmt":"2026-03-09T14:32:50","slug":"hkm-ratsajope-minnesota","status":"publish","type":"product","link":"https:\/\/www.allforhorses.ee\/ru\/toode\/hkm-ratsajope-minnesota\/","title":{"rendered":"HKM Ratsajope &#171;Minnesota&#187;"},"content":{"rendered":"","protected":false},"excerpt":{"rendered":"<p><strong>HKM Jope &#171;<span class=\"base\" data-ui-id=\"page-title-wrapper\">Minnesota<\/span>&#187; <\/strong>on veekindel ja tuulekindel, vooderdatud teddy-voodriga.<br data-start=\"10\" data-end=\"13\" \/>Seljaosas on l\u00f5hikud. Krae on s\u00fcnteetilisest karusnahast. Materjal on hingav. Mustust h\u00fclgav.<br data-start=\"127\" data-end=\"130\" \/>Garanteeritud hingavus on 3 000 ml\/m\u00b2\/24 h.<br data-start=\"173\" data-end=\"176\" \/>Veekindlus kuni 5 000 mm.<br data-start=\"201\" data-end=\"204\" \/>Varrukal on tuuleklapp.<br data-start=\"227\" data-end=\"230\" \/>Jopel on suured v\u00e4listaskud, sisetasku, teibitud \u00f5mblused, eemaldatav kapuuts.<br data-start=\"305\" data-end=\"308\" \/>Helkurelementidega. Eemaldatav v\u00f5tmehoidja. Ees on veekindel kahesuunaline t\u00f5mblukk.\u00a0Kummist aplikatsiooniga.<br \/>\nV\u00e4rv: sinine, must.<\/p>\n<p><em>HKM Jope &#171;Minnesota&#187; on ainult ettetellimisel(tarne u 14 t\u00f6\u00f6p\u00e4eva).<\/em><\/p>\n","protected":false},"featured_media":47695,"template":"","meta":[],"product_brand":[],"product_cat":[109,122,123,124],"product_tag":[],"class_list":{"0":"post-47678","1":"product","2":"type-product","3":"status-publish","4":"has-post-thumbnail","6":"product_cat-ratsariided","7":"product_cat-ratsajoped-ja-vestid","8":"product_cat-ratsajoped-ja-mantlid","9":"product_cat-ratsavestid","11":"first","12":"instock","13":"featured","14":"taxable","15":"shipping-taxable","16":"purchasable","17":"product-type-variable"},"_links":{"self":[{"href":"https:\/\/www.allforhorses.ee\/ru\/wp-json\/wp\/v2\/product\/47678","targetHints":{"allow":["GET"]}}],"collection":[{"href":"https:\/\/www.allforhorses.ee\/ru\/wp-json\/wp\/v2\/product"}],"about":[{"href":"https:\/\/www.allforhorses.ee\/ru\/wp-json\/wp\/v2\/types\/product"}],"wp:featuredmedia":[{"embeddable":true,"href":"https:\/\/www.allforhorses.ee\/ru\/wp-json\/wp\/v2\/media\/47695"}],"wp:attachment":[{"href":"https:\/\/www.allforhorses.ee\/ru\/wp-json\/wp\/v2\/media?parent=47678"}],"wp:term":[{"taxonomy":"product_brand","embeddable":true,"href":"https:\/\/www.allforhorses.ee\/ru\/wp-json\/wp\/v2\/product_brand?post=47678"},{"taxonomy":"product_cat","embeddable":true,"href":"https:\/\/www.allforhorses.ee\/ru\/wp-json\/wp\/v2\/product_cat?post=47678"},{"taxonomy":"product_tag","embeddable":true,"href":"https:\/\/www.allforhorses.ee\/ru\/wp-json\/wp\/v2\/product_tag?post=47678"}],"curies":[{"name":"wp","href":"https:\/\/api.w.org\/{rel}","templated":true}]}}