{"id":46871,"date":"2025-10-22T08:58:23","date_gmt":"2025-10-22T08:58:23","guid":{"rendered":"https:\/\/www.allforhorses.ee\/?post_type=product&#038;p=46871"},"modified":"2025-10-22T09:00:13","modified_gmt":"2025-10-22T09:00:13","slug":"hkm-nahast-ratsasaapad-amalfi-lack-standart","status":"publish","type":"product","link":"https:\/\/www.allforhorses.ee\/ru\/toode\/hkm-nahast-ratsasaapad-amalfi-lack-standart\/","title":{"rendered":"HKM Nahast Ratsasaapad &#171;Amalfi Lack&#187; standart"},"content":{"rendered":"<div class=\"wpb-content-wrapper\"><p>[vc_row][vc_column][vc_column_text css=&#187;&#187; css_params=&#187;&#187;]<\/p>\n<p data-start=\"97\" data-end=\"240\"><strong data-start=\"97\" data-end=\"147\">Lauria Garrelli Amalfi lakk-nahast ratsasaapad<\/strong> \u00fchendavad endas eksklusiivse disaini, k\u00f5rgeima kvaliteedi ja maksimaalse funktsionaalsuse.<\/p>\n<p data-start=\"242\" data-end=\"430\">Valmistatud pehmest, esmaklassilisest nahast, mida t\u00e4iendavad elegantsed lakk-nahast detailid \u2013 need saapad ei n\u00e4e mitte ainult luksuslikud v\u00e4lja, vaid pakuvad ka \u00fclimat kandmismugavust.<\/p>\n<p data-start=\"432\" data-end=\"546\">T\u00f5eline nahast vooder loob hubase tunde, samas kui m\u00e4lupolstriga sisetald tagab ideaalse toestuse ja pehmenduse.<\/p>\n<p data-start=\"548\" data-end=\"697\">Kitsas liist ja stiilne paelkinnitus loovad elegantse ja sihvaka silueti. Kvaliteetne k\u00fclglukk muudab saabaste jalga panemise lihtsaks ja mugavaks.<\/p>\n<p data-start=\"699\" data-end=\"858\">Kergelt tugevdatud v\u00e4line k\u00fclg aitab hoida jalga stabiilses asendis, samas kui k\u00f5rge, 6,5 cm koolis\u00f5idukaar s\u00e4ravate kivikestega lisab v\u00e4ljapeetud elegantsi.<\/p>\n<p>[\/vc_column_text][\/vc_column][\/vc_row]<\/p>\n<\/div>","protected":false},"excerpt":{"rendered":"<p><strong>HKM Nahast Ratsasaapad standart<\/strong><span class=\"base\" data-ui-id=\"page-title-wrapper\">\u00a0<\/span>on valmistatud kvaliteetsest nahast(lakk-nahk), kitsam jalale sobiv l\u00f5ige.<\/p>\n<p data-pm-slice=\"1 1 []\">M\u00e4luga sisetald, kergelt tugevdatud v\u00e4lispind, nahast vooder, kvaliteetne k\u00fclglukk mugavaks jalga panemiseks, paelad ja t\u00f5mblukk.<br \/>\nKoolis\u00f5idukaare k\u00f5rgus 6,5 cm.<\/p>\n<p data-pm-slice=\"1 1 []\">V\u00e4rv: must.<\/p>\n<p>Lisatud m\u00f5\u00f5dutabel.<\/p>\n<p><em>HKM Ratsasaapad on ainult ettetellimisel(tarne u 10 t\u00f6\u00f6p\u00e4eva).<\/em><\/p>\n","protected":false},"featured_media":46783,"template":"","meta":[],"product_brand":[],"product_cat":[109,110,112],"product_tag":[],"class_list":{"0":"post-46871","1":"product","2":"type-product","3":"status-publish","4":"has-post-thumbnail","6":"product_cat-ratsariided","7":"product_cat-ratsasaapad","8":"product_cat-pikad-ratsasaapad","10":"first","11":"instock","12":"taxable","13":"shipping-taxable","14":"purchasable","15":"product-type-variable"},"_links":{"self":[{"href":"https:\/\/www.allforhorses.ee\/ru\/wp-json\/wp\/v2\/product\/46871","targetHints":{"allow":["GET"]}}],"collection":[{"href":"https:\/\/www.allforhorses.ee\/ru\/wp-json\/wp\/v2\/product"}],"about":[{"href":"https:\/\/www.allforhorses.ee\/ru\/wp-json\/wp\/v2\/types\/product"}],"wp:featuredmedia":[{"embeddable":true,"href":"https:\/\/www.allforhorses.ee\/ru\/wp-json\/wp\/v2\/media\/46783"}],"wp:attachment":[{"href":"https:\/\/www.allforhorses.ee\/ru\/wp-json\/wp\/v2\/media?parent=46871"}],"wp:term":[{"taxonomy":"product_brand","embeddable":true,"href":"https:\/\/www.allforhorses.ee\/ru\/wp-json\/wp\/v2\/product_brand?post=46871"},{"taxonomy":"product_cat","embeddable":true,"href":"https:\/\/www.allforhorses.ee\/ru\/wp-json\/wp\/v2\/product_cat?post=46871"},{"taxonomy":"product_tag","embeddable":true,"href":"https:\/\/www.allforhorses.ee\/ru\/wp-json\/wp\/v2\/product_tag?post=46871"}],"curies":[{"name":"wp","href":"https:\/\/api.w.org\/{rel}","templated":true}]}}