{"id":4672,"date":"2019-04-09T09:35:14","date_gmt":"2019-04-09T09:35:14","guid":{"rendered":"https:\/\/www.allforhorses.ee\/?post_type=product&#038;p=4672"},"modified":"2024-07-03T13:28:29","modified_gmt":"2024-07-03T13:28:29","slug":"hkm-putukamask-zebra","status":"publish","type":"product","link":"https:\/\/www.allforhorses.ee\/ru\/toode\/hkm-putukamask-zebra\/","title":{"rendered":"HKM Putukamask &#171;Zebra&#187;"},"content":{"rendered":"","protected":false},"excerpt":{"rendered":"<p><strong>HKM Putukamask &#171;Zebra&#187; <\/strong>kaitseb hobuse n\u00e4gu k\u00e4rbeste ja teiste putukate eest. K\u00e4rbsemask kaitseb ka k\u00f5rvu ja\u00a0ninas\u00f5\u00f5rmeid. Takjakinnitus asub l\u00f5ua all. Maskil on fliisist \u00e4\u00e4red.\u00a0UV-t\u00f6\u00f6deldud kangas kaitseb hobust UV-kiirguse eest. Ei vaju hobuse silmade peale.<\/p>\n<p><em>Shetty suuruses maskid ainult ettetellimisel(tarne 10-14 t\u00f6\u00f6p\u00e4eva).<\/em><\/p>\n","protected":false},"featured_media":24964,"template":"","meta":[],"product_brand":[],"product_cat":[158,204,206],"product_tag":[],"class_list":{"0":"post-4672","1":"product","2":"type-product","3":"status-publish","4":"has-post-thumbnail","6":"product_cat-hobusele","7":"product_cat-putukatorje-vahendid","8":"product_cat-putukamaskid","10":"first","11":"instock","12":"taxable","13":"shipping-taxable","14":"purchasable","15":"product-type-variable"},"_links":{"self":[{"href":"https:\/\/www.allforhorses.ee\/ru\/wp-json\/wp\/v2\/product\/4672","targetHints":{"allow":["GET"]}}],"collection":[{"href":"https:\/\/www.allforhorses.ee\/ru\/wp-json\/wp\/v2\/product"}],"about":[{"href":"https:\/\/www.allforhorses.ee\/ru\/wp-json\/wp\/v2\/types\/product"}],"wp:featuredmedia":[{"embeddable":true,"href":"https:\/\/www.allforhorses.ee\/ru\/wp-json\/wp\/v2\/media\/24964"}],"wp:attachment":[{"href":"https:\/\/www.allforhorses.ee\/ru\/wp-json\/wp\/v2\/media?parent=4672"}],"wp:term":[{"taxonomy":"product_brand","embeddable":true,"href":"https:\/\/www.allforhorses.ee\/ru\/wp-json\/wp\/v2\/product_brand?post=4672"},{"taxonomy":"product_cat","embeddable":true,"href":"https:\/\/www.allforhorses.ee\/ru\/wp-json\/wp\/v2\/product_cat?post=4672"},{"taxonomy":"product_tag","embeddable":true,"href":"https:\/\/www.allforhorses.ee\/ru\/wp-json\/wp\/v2\/product_tag?post=4672"}],"curies":[{"name":"wp","href":"https:\/\/api.w.org\/{rel}","templated":true}]}}