{"id":46704,"date":"2025-10-22T07:37:03","date_gmt":"2025-10-22T07:37:03","guid":{"rendered":"https:\/\/www.allforhorses.ee\/?post_type=product&#038;p=46704"},"modified":"2026-01-09T13:54:55","modified_gmt":"2026-01-09T13:54:55","slug":"hkm-soojad-saapad-blaze","status":"publish","type":"product","link":"https:\/\/www.allforhorses.ee\/ru\/toode\/hkm-soojad-saapad-blaze\/","title":{"rendered":"HKM Soojad Saapad &#171;Blaze&#187;"},"content":{"rendered":"","protected":false},"excerpt":{"rendered":"<p><strong>HKM Soojad Saapad &#171;<span class=\"base\" data-ui-id=\"page-title-wrapper\">Blaze<\/span>&#187; <\/strong>on h\u00e4sti isoleeritud ja libisemiskindel.<br \/>\nSisemine t\u00f5mblukk, helkurelementidega, softopreenist vooder, PVC-st valmistatud saabas on veekindel kuni pahkluuni.<\/p>\n<p><em>HKM Soojad Saapad on ainult ettetellimisel(tarne u 14 t\u00f6\u00f6p\u00e4eva)<\/em><\/p>\n<p>&nbsp;<\/p>\n","protected":false},"featured_media":46758,"template":"","meta":[],"product_brand":[],"product_cat":[109,110,113],"product_tag":[],"class_list":{"0":"post-46704","1":"product","2":"type-product","3":"status-publish","4":"has-post-thumbnail","6":"product_cat-ratsariided","7":"product_cat-ratsasaapad","8":"product_cat-soojad-ratsasaapad","10":"first","11":"instock","12":"taxable","13":"shipping-taxable","14":"purchasable","15":"product-type-variable"},"_links":{"self":[{"href":"https:\/\/www.allforhorses.ee\/ru\/wp-json\/wp\/v2\/product\/46704","targetHints":{"allow":["GET"]}}],"collection":[{"href":"https:\/\/www.allforhorses.ee\/ru\/wp-json\/wp\/v2\/product"}],"about":[{"href":"https:\/\/www.allforhorses.ee\/ru\/wp-json\/wp\/v2\/types\/product"}],"wp:featuredmedia":[{"embeddable":true,"href":"https:\/\/www.allforhorses.ee\/ru\/wp-json\/wp\/v2\/media\/46758"}],"wp:attachment":[{"href":"https:\/\/www.allforhorses.ee\/ru\/wp-json\/wp\/v2\/media?parent=46704"}],"wp:term":[{"taxonomy":"product_brand","embeddable":true,"href":"https:\/\/www.allforhorses.ee\/ru\/wp-json\/wp\/v2\/product_brand?post=46704"},{"taxonomy":"product_cat","embeddable":true,"href":"https:\/\/www.allforhorses.ee\/ru\/wp-json\/wp\/v2\/product_cat?post=46704"},{"taxonomy":"product_tag","embeddable":true,"href":"https:\/\/www.allforhorses.ee\/ru\/wp-json\/wp\/v2\/product_tag?post=46704"}],"curies":[{"name":"wp","href":"https:\/\/api.w.org\/{rel}","templated":true}]}}