{"id":46650,"date":"2025-10-18T12:29:47","date_gmt":"2025-10-18T12:29:47","guid":{"rendered":"https:\/\/www.allforhorses.ee\/?post_type=product&#038;p=46650"},"modified":"2026-01-09T13:55:03","modified_gmt":"2026-01-09T13:55:03","slug":"hkm-soojad-saapad-belmond-teddy","status":"publish","type":"product","link":"https:\/\/www.allforhorses.ee\/ru\/toode\/hkm-soojad-saapad-belmond-teddy\/","title":{"rendered":"HKM Soojad Saapad &#171;Belmond Teddy&#187;"},"content":{"rendered":"","protected":false},"excerpt":{"rendered":"<p><strong>HKM Soojad Saapad &#171;<span class=\"base\" data-ui-id=\"page-title-wrapper\">Belmond Teddy<\/span>&#187; <\/strong>on veekindel ja soojapidav. Teddystiilis karvadetailid.<\/p>\n<p data-pm-slice=\"1 1 []\">P\u00fchvlinahk, t\u00f5mbesilmus.<\/p>\n<p><em>HKM Soojad Saapad on ainult ettetellimisel(tarne u 14 t\u00f6\u00f6p\u00e4eva)<br \/>\nTellitav alates 5.03.2026.<\/em><\/p>\n","protected":false},"featured_media":46688,"template":"","meta":[],"product_brand":[],"product_cat":[109,110,113],"product_tag":[],"class_list":{"0":"post-46650","1":"product","2":"type-product","3":"status-publish","4":"has-post-thumbnail","6":"product_cat-ratsariided","7":"product_cat-ratsasaapad","8":"product_cat-soojad-ratsasaapad","10":"first","11":"instock","12":"taxable","13":"shipping-taxable","14":"purchasable","15":"product-type-variable"},"_links":{"self":[{"href":"https:\/\/www.allforhorses.ee\/ru\/wp-json\/wp\/v2\/product\/46650","targetHints":{"allow":["GET"]}}],"collection":[{"href":"https:\/\/www.allforhorses.ee\/ru\/wp-json\/wp\/v2\/product"}],"about":[{"href":"https:\/\/www.allforhorses.ee\/ru\/wp-json\/wp\/v2\/types\/product"}],"wp:featuredmedia":[{"embeddable":true,"href":"https:\/\/www.allforhorses.ee\/ru\/wp-json\/wp\/v2\/media\/46688"}],"wp:attachment":[{"href":"https:\/\/www.allforhorses.ee\/ru\/wp-json\/wp\/v2\/media?parent=46650"}],"wp:term":[{"taxonomy":"product_brand","embeddable":true,"href":"https:\/\/www.allforhorses.ee\/ru\/wp-json\/wp\/v2\/product_brand?post=46650"},{"taxonomy":"product_cat","embeddable":true,"href":"https:\/\/www.allforhorses.ee\/ru\/wp-json\/wp\/v2\/product_cat?post=46650"},{"taxonomy":"product_tag","embeddable":true,"href":"https:\/\/www.allforhorses.ee\/ru\/wp-json\/wp\/v2\/product_tag?post=46650"}],"curies":[{"name":"wp","href":"https:\/\/api.w.org\/{rel}","templated":true}]}}