{"id":46468,"date":"2025-08-18T14:12:01","date_gmt":"2025-08-18T14:12:01","guid":{"rendered":"https:\/\/www.allforhorses.ee\/?post_type=product&#038;p=46468"},"modified":"2025-08-18T14:13:25","modified_gmt":"2025-08-18T14:13:25","slug":"duo-protection-kabjaoli-500ml","status":"publish","type":"product","link":"https:\/\/www.allforhorses.ee\/ru\/toode\/duo-protection-kabjaoli-500ml\/","title":{"rendered":"Duo Protection Kabja\u00f5li 500ml"},"content":{"rendered":"","protected":false},"excerpt":{"rendered":"<p class=\"product-content__name\"><strong>Duo Protection Kabja\u00f5li <\/strong>sobib kasutamiseks kabjale, mis on kergesti m\u00f5ranev, tundlik ja hell. \u00a0Tootes sisalduvad \u00f5lid on omavahel kombineeritult kabja toitmiseks ja kasvu soodustamiseks ning kabja kvaliteedi parandamiseks.<\/p>\n<p><em>Kasutusjuhend:<\/em><br data-start=\"18\" data-end=\"21\" \/>H\u00f5\u00f5ru sisse iga p\u00e4ev esimese 14 p\u00e4eva jooksul.<br data-start=\"67\" data-end=\"70\" \/>Seej\u00e4rel kanna peale \u00fclep\u00e4eviti j\u00e4rgmised 14 p\u00e4eva.<br data-start=\"121\" data-end=\"124\" \/>Edaspidi kasuta kaks korda n\u00e4dalas.<\/p>\n<p>Pakendi suurus: 500 ml<\/p>\n<p>&nbsp;<\/p>\n<p>&nbsp;<\/p>\n","protected":false},"featured_media":46470,"template":"","meta":[],"product_brand":[],"product_cat":[158,159,692,693],"product_tag":[],"class_list":{"0":"post-46468","1":"product","2":"type-product","3":"status-publish","4":"has-post-thumbnail","6":"product_cat-hobusele","7":"product_cat-hobuste-hooldusvahendid","8":"product_cat-kabjahooldus","9":"product_cat-kabjaolid-lakid-ja-rasvad","11":"first","12":"instock","13":"taxable","14":"shipping-taxable","15":"purchasable","16":"product-type-simple"},"_links":{"self":[{"href":"https:\/\/www.allforhorses.ee\/ru\/wp-json\/wp\/v2\/product\/46468","targetHints":{"allow":["GET"]}}],"collection":[{"href":"https:\/\/www.allforhorses.ee\/ru\/wp-json\/wp\/v2\/product"}],"about":[{"href":"https:\/\/www.allforhorses.ee\/ru\/wp-json\/wp\/v2\/types\/product"}],"wp:featuredmedia":[{"embeddable":true,"href":"https:\/\/www.allforhorses.ee\/ru\/wp-json\/wp\/v2\/media\/46470"}],"wp:attachment":[{"href":"https:\/\/www.allforhorses.ee\/ru\/wp-json\/wp\/v2\/media?parent=46468"}],"wp:term":[{"taxonomy":"product_brand","embeddable":true,"href":"https:\/\/www.allforhorses.ee\/ru\/wp-json\/wp\/v2\/product_brand?post=46468"},{"taxonomy":"product_cat","embeddable":true,"href":"https:\/\/www.allforhorses.ee\/ru\/wp-json\/wp\/v2\/product_cat?post=46468"},{"taxonomy":"product_tag","embeddable":true,"href":"https:\/\/www.allforhorses.ee\/ru\/wp-json\/wp\/v2\/product_tag?post=46468"}],"curies":[{"name":"wp","href":"https:\/\/api.w.org\/{rel}","templated":true}]}}