{"id":45865,"date":"2025-07-11T11:24:21","date_gmt":"2025-07-11T11:24:21","guid":{"rendered":"https:\/\/www.allforhorses.ee\/?post_type=product&#038;p=45865"},"modified":"2025-07-11T11:44:33","modified_gmt":"2025-07-11T11:44:33","slug":"hkm-elastne-putukamask-ninaosaga-elastic","status":"publish","type":"product","link":"https:\/\/www.allforhorses.ee\/ru\/toode\/hkm-elastne-putukamask-ninaosaga-elastic\/","title":{"rendered":"HKM Elastne Putukamask Ninaosaga &#171;Elastic&#187;"},"content":{"rendered":"","protected":false},"excerpt":{"rendered":"<p><strong>HKM Elastne Putukamask Lukuga ja Ninaosaga <\/strong>kaitseb hobuse n\u00e4gu k\u00e4rbeste ja teiste putukate eest. Elastsed v\u00f5rkkangast k\u00f5rvad, ava tukale, varjatud t\u00f5mblukuga kinnitus v\u00e4hendab h\u00f5\u00f5rdumist ja tagab pehme istuvuse. Ei vaju hobuse silmade peale. H\u00e4sti elastne, lihtsalt t\u00f5mba hobusele \u00fcle k\u00f5rvade mask p\u00e4he.<br \/>\n100% kaitse igast nurgast. SPF30 p\u00e4ikesekaitse.<br \/>\nMasinpestav 30 kraadise veeprogrammiga.<\/p>\n<p><em>LAOS XL(XFULL) suuruses mask.<br \/>\nK\u00e4rbsemask on ettetellimisel(tarne 10-14 t\u00f6\u00f6p\u00e4eva).<\/em><\/p>\n","protected":false},"featured_media":45884,"template":"","meta":[],"product_brand":[],"product_cat":[158,204,206,753],"product_tag":[],"class_list":{"0":"post-45865","1":"product","2":"type-product","3":"status-publish","4":"has-post-thumbnail","6":"product_cat-hobusele","7":"product_cat-putukatorje-vahendid","8":"product_cat-putukamaskid","9":"product_cat-suurtele-hobustele","11":"first","12":"instock","13":"featured","14":"taxable","15":"shipping-taxable","16":"purchasable","17":"product-type-variable"},"_links":{"self":[{"href":"https:\/\/www.allforhorses.ee\/ru\/wp-json\/wp\/v2\/product\/45865","targetHints":{"allow":["GET"]}}],"collection":[{"href":"https:\/\/www.allforhorses.ee\/ru\/wp-json\/wp\/v2\/product"}],"about":[{"href":"https:\/\/www.allforhorses.ee\/ru\/wp-json\/wp\/v2\/types\/product"}],"wp:featuredmedia":[{"embeddable":true,"href":"https:\/\/www.allforhorses.ee\/ru\/wp-json\/wp\/v2\/media\/45884"}],"wp:attachment":[{"href":"https:\/\/www.allforhorses.ee\/ru\/wp-json\/wp\/v2\/media?parent=45865"}],"wp:term":[{"taxonomy":"product_brand","embeddable":true,"href":"https:\/\/www.allforhorses.ee\/ru\/wp-json\/wp\/v2\/product_brand?post=45865"},{"taxonomy":"product_cat","embeddable":true,"href":"https:\/\/www.allforhorses.ee\/ru\/wp-json\/wp\/v2\/product_cat?post=45865"},{"taxonomy":"product_tag","embeddable":true,"href":"https:\/\/www.allforhorses.ee\/ru\/wp-json\/wp\/v2\/product_tag?post=45865"}],"curies":[{"name":"wp","href":"https:\/\/api.w.org\/{rel}","templated":true}]}}