{"id":44905,"date":"2025-04-24T08:32:20","date_gmt":"2025-04-24T08:32:20","guid":{"rendered":"https:\/\/www.allforhorses.ee\/?post_type=product&#038;p=44905"},"modified":"2026-03-09T14:32:59","modified_gmt":"2026-03-09T14:32:59","slug":"acavallo-turvajalused-arena-alupro","status":"publish","type":"product","link":"https:\/\/www.allforhorses.ee\/ru\/toode\/acavallo-turvajalused-arena-alupro\/","title":{"rendered":"Acavallo Turvajalused &#171;Arena Alupro&#187;"},"content":{"rendered":"","protected":false},"excerpt":{"rendered":"<p><strong>Acavallo Turvajalused &#171;Arena Alupro&#187; <\/strong>on kergekaalulised(alumiinium). Lai alaosa v\u00e4hendab pingeid jalas. Jaluse v\u00e4lisk\u00fclg avaneb ja ei lase ratsanikul jalusesse kinni j\u00e4\u00e4da. V\u00e4ga hea haakuvusega tald ei lase jalal libiseda.<\/p>\n<p>Valmistatud k\u00f5rgtehnoloogilisest metallist ja painduvatest pol\u00fcmeeridest, pakuvad need traditsiooniliste jalustega v\u00f5rreldes suuremat mugavust ja v\u00e4iksemat j\u00e4ikust. Jaluseraam on valmistatud alumiiniumist, samas kui avanev osa ja tald on valmistatud spetsiaalsest pol\u00fcamiidmaterjalist. Teised osad on roostevabast terasest.<br \/>\nStrateegiliselt paigutatud lukustus- ja vabastusmehhanism hoiab \u00e4ra juhusliku libisemise. Jalus on varustatud Grip Systemiga jalatallaga ja kaetud alumiiniumiga.<\/p>\n<p>Kaubam\u00e4rk Acavallo, Itaalia.<\/p>\n","protected":false},"featured_media":44907,"template":"","meta":[],"product_brand":[],"product_cat":[158,190,191,192],"product_tag":[],"class_list":{"0":"post-44905","1":"product","2":"type-product","3":"status-publish","4":"has-post-thumbnail","6":"product_cat-hobusele","7":"product_cat-jalused-ja-jaluserihmad","8":"product_cat-jalused","9":"product_cat-metalljalused","11":"first","12":"instock","13":"featured","14":"taxable","15":"shipping-taxable","16":"purchasable","17":"product-type-simple"},"_links":{"self":[{"href":"https:\/\/www.allforhorses.ee\/ru\/wp-json\/wp\/v2\/product\/44905","targetHints":{"allow":["GET"]}}],"collection":[{"href":"https:\/\/www.allforhorses.ee\/ru\/wp-json\/wp\/v2\/product"}],"about":[{"href":"https:\/\/www.allforhorses.ee\/ru\/wp-json\/wp\/v2\/types\/product"}],"wp:featuredmedia":[{"embeddable":true,"href":"https:\/\/www.allforhorses.ee\/ru\/wp-json\/wp\/v2\/media\/44907"}],"wp:attachment":[{"href":"https:\/\/www.allforhorses.ee\/ru\/wp-json\/wp\/v2\/media?parent=44905"}],"wp:term":[{"taxonomy":"product_brand","embeddable":true,"href":"https:\/\/www.allforhorses.ee\/ru\/wp-json\/wp\/v2\/product_brand?post=44905"},{"taxonomy":"product_cat","embeddable":true,"href":"https:\/\/www.allforhorses.ee\/ru\/wp-json\/wp\/v2\/product_cat?post=44905"},{"taxonomy":"product_tag","embeddable":true,"href":"https:\/\/www.allforhorses.ee\/ru\/wp-json\/wp\/v2\/product_tag?post=44905"}],"curies":[{"name":"wp","href":"https:\/\/api.w.org\/{rel}","templated":true}]}}