{"id":44659,"date":"2025-04-11T09:47:25","date_gmt":"2025-04-11T09:47:25","guid":{"rendered":"https:\/\/www.allforhorses.ee\/?post_type=product&#038;p=44659"},"modified":"2025-05-19T06:16:22","modified_gmt":"2025-05-19T06:16:22","slug":"equestro-poolsaapad-lissus","status":"publish","type":"product","link":"https:\/\/www.allforhorses.ee\/ru\/toode\/equestro-poolsaapad-lissus\/","title":{"rendered":"Equestro Poolsaapad &#171;Lissus&#187;"},"content":{"rendered":"","protected":false},"excerpt":{"rendered":"<p><strong>Equestro Poolsaapad &#171;Lissus&#187;<\/strong><span class=\"base\" data-ui-id=\"page-title-wrapper\"><strong>\u00a0<\/strong><\/span>on valmistatud nahast. Mugav memory foam tallavooder, veekindel tald. Esik\u00fcljel on lukk, elastsed ja hingavad osad pahkluu m\u00f5lemal k\u00fcljel tagavad kiire istuvuse, maksimaalse mugavuse. Saapaid on kerge puhastada ja hooldada.<\/p>\n<p>DNS-XT1 s\u00fcsteemiga tald garanteerib jala \u00f5ige asendi ja jala kaitse.<\/p>\n","protected":false},"featured_media":44668,"template":"","meta":[],"product_brand":[],"product_cat":[109,110,111],"product_tag":[],"class_list":{"0":"post-44659","1":"product","2":"type-product","3":"status-publish","4":"has-post-thumbnail","6":"product_cat-ratsariided","7":"product_cat-ratsasaapad","8":"product_cat-poolsaapad","10":"first","11":"instock","12":"taxable","13":"shipping-taxable","14":"purchasable","15":"product-type-variable"},"_links":{"self":[{"href":"https:\/\/www.allforhorses.ee\/ru\/wp-json\/wp\/v2\/product\/44659","targetHints":{"allow":["GET"]}}],"collection":[{"href":"https:\/\/www.allforhorses.ee\/ru\/wp-json\/wp\/v2\/product"}],"about":[{"href":"https:\/\/www.allforhorses.ee\/ru\/wp-json\/wp\/v2\/types\/product"}],"wp:featuredmedia":[{"embeddable":true,"href":"https:\/\/www.allforhorses.ee\/ru\/wp-json\/wp\/v2\/media\/44668"}],"wp:attachment":[{"href":"https:\/\/www.allforhorses.ee\/ru\/wp-json\/wp\/v2\/media?parent=44659"}],"wp:term":[{"taxonomy":"product_brand","embeddable":true,"href":"https:\/\/www.allforhorses.ee\/ru\/wp-json\/wp\/v2\/product_brand?post=44659"},{"taxonomy":"product_cat","embeddable":true,"href":"https:\/\/www.allforhorses.ee\/ru\/wp-json\/wp\/v2\/product_cat?post=44659"},{"taxonomy":"product_tag","embeddable":true,"href":"https:\/\/www.allforhorses.ee\/ru\/wp-json\/wp\/v2\/product_tag?post=44659"}],"curies":[{"name":"wp","href":"https:\/\/api.w.org\/{rel}","templated":true}]}}