{"id":44362,"date":"2025-02-28T13:04:53","date_gmt":"2025-02-28T13:04:53","guid":{"rendered":"https:\/\/www.allforhorses.ee\/?post_type=product&#038;p=44362"},"modified":"2026-02-01T16:33:54","modified_gmt":"2026-02-01T16:33:54","slug":"hkm-soojad-ratsakindad-grip-style","status":"publish","type":"product","link":"https:\/\/www.allforhorses.ee\/ru\/toode\/hkm-soojad-ratsakindad-grip-style\/","title":{"rendered":"HKM Soojad Ratsakindad &#171;Grip Style&#187;"},"content":{"rendered":"","protected":false},"excerpt":{"rendered":"<p><strong>HKM Ratsakindad<\/strong> &#8212; mugavad, pehmed, soojad(polar fliis).<br \/>\nMasinpestavad 30 kraadise veeprogrammiga(delicate wash).<\/p>\n<p><em>LAOS suurused XS, S.<br \/>\nKindad on ainult ettetellimisel, tarne u 14 t\u00f6\u00f6p\u00e4eva.<\/em><\/p>\n","protected":false},"featured_media":44364,"template":"","meta":[],"product_brand":[],"product_cat":[109,128,130],"product_tag":[],"class_list":{"0":"post-44362","1":"product","2":"type-product","3":"status-publish","4":"has-post-thumbnail","6":"product_cat-ratsariided","7":"product_cat-ratsakindad","8":"product_cat-soojad-ratsakindad","10":"first","11":"instock","12":"taxable","13":"shipping-taxable","14":"purchasable","15":"product-type-variable"},"_links":{"self":[{"href":"https:\/\/www.allforhorses.ee\/ru\/wp-json\/wp\/v2\/product\/44362","targetHints":{"allow":["GET"]}}],"collection":[{"href":"https:\/\/www.allforhorses.ee\/ru\/wp-json\/wp\/v2\/product"}],"about":[{"href":"https:\/\/www.allforhorses.ee\/ru\/wp-json\/wp\/v2\/types\/product"}],"wp:featuredmedia":[{"embeddable":true,"href":"https:\/\/www.allforhorses.ee\/ru\/wp-json\/wp\/v2\/media\/44364"}],"wp:attachment":[{"href":"https:\/\/www.allforhorses.ee\/ru\/wp-json\/wp\/v2\/media?parent=44362"}],"wp:term":[{"taxonomy":"product_brand","embeddable":true,"href":"https:\/\/www.allforhorses.ee\/ru\/wp-json\/wp\/v2\/product_brand?post=44362"},{"taxonomy":"product_cat","embeddable":true,"href":"https:\/\/www.allforhorses.ee\/ru\/wp-json\/wp\/v2\/product_cat?post=44362"},{"taxonomy":"product_tag","embeddable":true,"href":"https:\/\/www.allforhorses.ee\/ru\/wp-json\/wp\/v2\/product_tag?post=44362"}],"curies":[{"name":"wp","href":"https:\/\/api.w.org\/{rel}","templated":true}]}}