{"id":44229,"date":"2025-02-27T14:16:41","date_gmt":"2025-02-27T14:16:41","guid":{"rendered":"https:\/\/www.allforhorses.ee\/?post_type=product&#038;p=44229"},"modified":"2026-04-17T09:04:39","modified_gmt":"2026-04-17T09:04:39","slug":"hkm-otsmikurihm-crystals","status":"publish","type":"product","link":"https:\/\/www.allforhorses.ee\/ru\/toode\/hkm-otsmikurihm-crystals\/","title":{"rendered":"HKM Otsmikurihm &#171;Crystals&#187;"},"content":{"rendered":"","protected":false},"excerpt":{"rendered":"<p><strong>HKM kivikestega Otsmikurihm <\/strong>on tehtud pehmest nahast.\u00a0Otsmikurihmal on silmapaistvad s\u00e4delevad kivikesed.<\/p>\n<p><em>Tarne u 15 t\u00f6\u00f6p\u00e4eva.<\/em><\/p>\n","protected":false},"featured_media":44245,"template":"","meta":[],"product_brand":[],"product_cat":[158,212,224,225],"product_tag":[],"class_list":{"0":"post-44229","1":"product","2":"type-product","3":"status-publish","4":"has-post-thumbnail","6":"product_cat-hobusele","7":"product_cat-valjad-ja-tarvikud","8":"product_cat-otsmikurihmad","9":"product_cat-mustad","11":"first","12":"instock","13":"taxable","14":"shipping-taxable","15":"purchasable","16":"product-type-variable"},"_links":{"self":[{"href":"https:\/\/www.allforhorses.ee\/ru\/wp-json\/wp\/v2\/product\/44229","targetHints":{"allow":["GET"]}}],"collection":[{"href":"https:\/\/www.allforhorses.ee\/ru\/wp-json\/wp\/v2\/product"}],"about":[{"href":"https:\/\/www.allforhorses.ee\/ru\/wp-json\/wp\/v2\/types\/product"}],"wp:featuredmedia":[{"embeddable":true,"href":"https:\/\/www.allforhorses.ee\/ru\/wp-json\/wp\/v2\/media\/44245"}],"wp:attachment":[{"href":"https:\/\/www.allforhorses.ee\/ru\/wp-json\/wp\/v2\/media?parent=44229"}],"wp:term":[{"taxonomy":"product_brand","embeddable":true,"href":"https:\/\/www.allforhorses.ee\/ru\/wp-json\/wp\/v2\/product_brand?post=44229"},{"taxonomy":"product_cat","embeddable":true,"href":"https:\/\/www.allforhorses.ee\/ru\/wp-json\/wp\/v2\/product_cat?post=44229"},{"taxonomy":"product_tag","embeddable":true,"href":"https:\/\/www.allforhorses.ee\/ru\/wp-json\/wp\/v2\/product_tag?post=44229"}],"curies":[{"name":"wp","href":"https:\/\/api.w.org\/{rel}","templated":true}]}}