{"id":43885,"date":"2025-01-09T14:21:42","date_gmt":"2025-01-09T14:21:42","guid":{"rendered":"https:\/\/www.allforhorses.ee\/?post_type=product&#038;p=43885"},"modified":"2025-08-13T13:59:04","modified_gmt":"2025-08-13T13:59:04","slug":"hkm-ratsakiiver-elegancereguleeritav-suurus","status":"publish","type":"product","link":"https:\/\/www.allforhorses.ee\/ru\/toode\/hkm-ratsakiiver-elegancereguleeritav-suurus\/","title":{"rendered":"HKM Ratsakiiver &#171;Elegance&#187;(reguleeritav suurus)"},"content":{"rendered":"","protected":false},"excerpt":{"rendered":"<p><strong>HKM Ratsakiiver <\/strong>on lihtne ja mugav; varustatud ventilatsioonis\u00fcsteemiga ja koos reguleeritava suurusega. Lihtne puhastada,\u00a0pehmendusega sisevooder.<br \/>\nStandart vg1 01.040 2014-12.<\/p>\n<p><em>Tarne 10-14 t\u00f6\u00f6p\u00e4eva.<\/em><br \/>\n<em>LAOS tumesinised 49-52cm.<\/em><\/p>\n","protected":false},"featured_media":43896,"template":"","meta":[],"product_brand":[],"product_cat":[109,131,289],"product_tag":[],"class_list":{"0":"post-43885","1":"product","2":"type-product","3":"status-publish","4":"has-post-thumbnail","6":"product_cat-ratsariided","7":"product_cat-ratsakiivrid-turvavestid","8":"product_cat-ratsakiivrid","10":"first","11":"instock","12":"taxable","13":"shipping-taxable","14":"purchasable","15":"product-type-variable"},"_links":{"self":[{"href":"https:\/\/www.allforhorses.ee\/ru\/wp-json\/wp\/v2\/product\/43885","targetHints":{"allow":["GET"]}}],"collection":[{"href":"https:\/\/www.allforhorses.ee\/ru\/wp-json\/wp\/v2\/product"}],"about":[{"href":"https:\/\/www.allforhorses.ee\/ru\/wp-json\/wp\/v2\/types\/product"}],"wp:featuredmedia":[{"embeddable":true,"href":"https:\/\/www.allforhorses.ee\/ru\/wp-json\/wp\/v2\/media\/43896"}],"wp:attachment":[{"href":"https:\/\/www.allforhorses.ee\/ru\/wp-json\/wp\/v2\/media?parent=43885"}],"wp:term":[{"taxonomy":"product_brand","embeddable":true,"href":"https:\/\/www.allforhorses.ee\/ru\/wp-json\/wp\/v2\/product_brand?post=43885"},{"taxonomy":"product_cat","embeddable":true,"href":"https:\/\/www.allforhorses.ee\/ru\/wp-json\/wp\/v2\/product_cat?post=43885"},{"taxonomy":"product_tag","embeddable":true,"href":"https:\/\/www.allforhorses.ee\/ru\/wp-json\/wp\/v2\/product_tag?post=43885"}],"curies":[{"name":"wp","href":"https:\/\/api.w.org\/{rel}","templated":true}]}}