{"id":4319,"date":"2019-03-29T13:35:40","date_gmt":"2019-03-29T13:35:40","guid":{"rendered":"https:\/\/www.allforhorses.ee\/?post_type=product&#038;p=4319"},"modified":"2024-12-02T20:28:21","modified_gmt":"2024-12-02T20:28:21","slug":"hkm-otsmikurihm-rosegold-glamour","status":"publish","type":"product","link":"https:\/\/www.allforhorses.ee\/ru\/toode\/hkm-otsmikurihm-rosegold-glamour\/","title":{"rendered":"HKM Otsmikurihm &#171;Rosegold Glamour&#187;"},"content":{"rendered":"","protected":false},"excerpt":{"rendered":"<p><strong>HKM kivikestega Otsmikurihm <\/strong>on tehtud pehmest nahast.\u00a0Otsmikurihmal on silmapaistvad s\u00e4delevad kivikesed.<\/p>\n<p><em>Tarneaeg 10-14 t\u00f6\u00f6p\u00e4eva.<\/em><\/p>\n","protected":false},"featured_media":19682,"template":"","meta":[],"product_brand":[],"product_cat":[158,212,224,225],"product_tag":[],"class_list":{"0":"post-4319","1":"product","2":"type-product","3":"status-publish","4":"has-post-thumbnail","6":"product_cat-hobusele","7":"product_cat-valjad-ja-tarvikud","8":"product_cat-otsmikurihmad","9":"product_cat-mustad","11":"first","12":"instock","13":"taxable","14":"shipping-taxable","15":"purchasable","16":"product-type-variable"},"_links":{"self":[{"href":"https:\/\/www.allforhorses.ee\/ru\/wp-json\/wp\/v2\/product\/4319","targetHints":{"allow":["GET"]}}],"collection":[{"href":"https:\/\/www.allforhorses.ee\/ru\/wp-json\/wp\/v2\/product"}],"about":[{"href":"https:\/\/www.allforhorses.ee\/ru\/wp-json\/wp\/v2\/types\/product"}],"wp:featuredmedia":[{"embeddable":true,"href":"https:\/\/www.allforhorses.ee\/ru\/wp-json\/wp\/v2\/media\/19682"}],"wp:attachment":[{"href":"https:\/\/www.allforhorses.ee\/ru\/wp-json\/wp\/v2\/media?parent=4319"}],"wp:term":[{"taxonomy":"product_brand","embeddable":true,"href":"https:\/\/www.allforhorses.ee\/ru\/wp-json\/wp\/v2\/product_brand?post=4319"},{"taxonomy":"product_cat","embeddable":true,"href":"https:\/\/www.allforhorses.ee\/ru\/wp-json\/wp\/v2\/product_cat?post=4319"},{"taxonomy":"product_tag","embeddable":true,"href":"https:\/\/www.allforhorses.ee\/ru\/wp-json\/wp\/v2\/product_tag?post=4319"}],"curies":[{"name":"wp","href":"https:\/\/api.w.org\/{rel}","templated":true}]}}