{"id":42719,"date":"2024-07-07T10:20:12","date_gmt":"2024-07-07T10:20:12","guid":{"rendered":"https:\/\/www.allforhorses.ee\/?post_type=product&#038;p=42719"},"modified":"2025-01-29T10:27:15","modified_gmt":"2025-01-29T10:27:15","slug":"hkm-funktsionaalne-ratsapluus-chain","status":"publish","type":"product","link":"https:\/\/www.allforhorses.ee\/ru\/toode\/hkm-funktsionaalne-ratsapluus-chain\/","title":{"rendered":"HKM Funktsionaalne Ratsapluus &#171;Chain&#187;"},"content":{"rendered":"","protected":false},"excerpt":{"rendered":"<p><strong>HKM pikkade varrukatega ratsapluus <\/strong>&#8212; elastne, hingav(varrukad on v\u00f5rkmaterjalist), taljesse t\u00f6\u00f6deldud.\u00a0<strong><br \/>\n<\/strong>Masinpestav 30 kraadiga. Sobib pesukuivatisse.<strong><br \/>\n<\/strong>Materjal: 88% pol\u00fceester, 12% elastaan.<strong><br \/>\n<\/strong><\/p>\n<p><em>Tarne 10-14 t\u00f6\u00f6p\u00e4eva.<\/em><\/p>\n","protected":false},"featured_media":42732,"template":"","meta":[],"product_brand":[],"product_cat":[109,125,127],"product_tag":[],"class_list":{"0":"post-42719","1":"product","2":"type-product","3":"status-publish","4":"has-post-thumbnail","6":"product_cat-ratsariided","7":"product_cat-ratsasargid-ja-pluusid","8":"product_cat-pikkade-varrukatega-ratsapluusid","10":"first","11":"instock","12":"taxable","13":"shipping-taxable","14":"purchasable","15":"product-type-variable"},"_links":{"self":[{"href":"https:\/\/www.allforhorses.ee\/ru\/wp-json\/wp\/v2\/product\/42719","targetHints":{"allow":["GET"]}}],"collection":[{"href":"https:\/\/www.allforhorses.ee\/ru\/wp-json\/wp\/v2\/product"}],"about":[{"href":"https:\/\/www.allforhorses.ee\/ru\/wp-json\/wp\/v2\/types\/product"}],"wp:featuredmedia":[{"embeddable":true,"href":"https:\/\/www.allforhorses.ee\/ru\/wp-json\/wp\/v2\/media\/42732"}],"wp:attachment":[{"href":"https:\/\/www.allforhorses.ee\/ru\/wp-json\/wp\/v2\/media?parent=42719"}],"wp:term":[{"taxonomy":"product_brand","embeddable":true,"href":"https:\/\/www.allforhorses.ee\/ru\/wp-json\/wp\/v2\/product_brand?post=42719"},{"taxonomy":"product_cat","embeddable":true,"href":"https:\/\/www.allforhorses.ee\/ru\/wp-json\/wp\/v2\/product_cat?post=42719"},{"taxonomy":"product_tag","embeddable":true,"href":"https:\/\/www.allforhorses.ee\/ru\/wp-json\/wp\/v2\/product_tag?post=42719"}],"curies":[{"name":"wp","href":"https:\/\/api.w.org\/{rel}","templated":true}]}}