{"id":42406,"date":"2024-07-04T13:22:57","date_gmt":"2024-07-04T13:22:57","guid":{"rendered":"https:\/\/www.allforhorses.ee\/?post_type=product&#038;p=42406"},"modified":"2026-03-22T15:04:57","modified_gmt":"2026-03-22T15:04:57","slug":"hkm-kepphobuste-hobihobuste-takistused-hobby-horsing","status":"publish","type":"product","link":"https:\/\/www.allforhorses.ee\/ru\/toode\/hkm-kepphobuste-hobihobuste-takistused-hobby-horsing\/","title":{"rendered":"HKM Kepphobuste\/Hobihobuste Takistused &#171;Hobby Horsing&#187;"},"content":{"rendered":"","protected":false},"excerpt":{"rendered":"<p><strong>HKM Kepphobuste Takistused\u00a0<\/strong>on valistatud plastikust.<br \/>\nM\u00f5\u00f5dud: 110 x 67 x 95 cm.<\/p>\n<p><em>Tarne 10-14 t\u00f6\u00f6p\u00e4eva.<\/p>\n<p><\/em><\/p>\n","protected":false},"featured_media":42407,"template":"","meta":[],"product_brand":[],"product_cat":[109,1197],"product_tag":[],"class_list":{"0":"post-42406","1":"product","2":"type-product","3":"status-publish","4":"has-post-thumbnail","6":"product_cat-ratsariided","7":"product_cat-kepphobused","9":"first","10":"instock","11":"taxable","12":"shipping-taxable","13":"purchasable","14":"product-type-variable"},"_links":{"self":[{"href":"https:\/\/www.allforhorses.ee\/ru\/wp-json\/wp\/v2\/product\/42406","targetHints":{"allow":["GET"]}}],"collection":[{"href":"https:\/\/www.allforhorses.ee\/ru\/wp-json\/wp\/v2\/product"}],"about":[{"href":"https:\/\/www.allforhorses.ee\/ru\/wp-json\/wp\/v2\/types\/product"}],"wp:featuredmedia":[{"embeddable":true,"href":"https:\/\/www.allforhorses.ee\/ru\/wp-json\/wp\/v2\/media\/42407"}],"wp:attachment":[{"href":"https:\/\/www.allforhorses.ee\/ru\/wp-json\/wp\/v2\/media?parent=42406"}],"wp:term":[{"taxonomy":"product_brand","embeddable":true,"href":"https:\/\/www.allforhorses.ee\/ru\/wp-json\/wp\/v2\/product_brand?post=42406"},{"taxonomy":"product_cat","embeddable":true,"href":"https:\/\/www.allforhorses.ee\/ru\/wp-json\/wp\/v2\/product_cat?post=42406"},{"taxonomy":"product_tag","embeddable":true,"href":"https:\/\/www.allforhorses.ee\/ru\/wp-json\/wp\/v2\/product_tag?post=42406"}],"curies":[{"name":"wp","href":"https:\/\/api.w.org\/{rel}","templated":true}]}}