{"id":41824,"date":"2024-07-01T12:40:16","date_gmt":"2024-07-01T12:40:16","guid":{"rendered":"https:\/\/www.allforhorses.ee\/?post_type=product&#038;p=41824"},"modified":"2024-07-24T10:59:30","modified_gmt":"2024-07-24T10:59:30","slug":"hkm-laste-ratsavest-bria","status":"publish","type":"product","link":"https:\/\/www.allforhorses.ee\/ru\/toode\/hkm-laste-ratsavest-bria\/","title":{"rendered":"HKM Laste Ratsavest &#171;Bria&#187;"},"content":{"rendered":"","protected":false},"excerpt":{"rendered":"<p><strong>Ratsavest &#171;Bria&#187;<br \/>\n<\/strong>Esik\u00fcljel on 2 taskut. Ratsavestil on t\u00f5mbluk helkuritega.<br \/>\nMasinpestav 30 kraadi juures.<br \/>\nV\u00e4lismaterjal: 100% pol\u00fceester, pealmine materjal: 100% pol\u00fceester.<\/p>\n<p>&nbsp;<\/p>\n","protected":false},"featured_media":41834,"template":"","meta":[],"product_brand":[],"product_cat":[109,122,124],"product_tag":[],"class_list":{"0":"post-41824","1":"product","2":"type-product","3":"status-publish","4":"has-post-thumbnail","6":"product_cat-ratsariided","7":"product_cat-ratsajoped-ja-vestid","8":"product_cat-ratsavestid","10":"first","11":"instock","12":"taxable","13":"shipping-taxable","14":"purchasable","15":"product-type-variable"},"_links":{"self":[{"href":"https:\/\/www.allforhorses.ee\/ru\/wp-json\/wp\/v2\/product\/41824","targetHints":{"allow":["GET"]}}],"collection":[{"href":"https:\/\/www.allforhorses.ee\/ru\/wp-json\/wp\/v2\/product"}],"about":[{"href":"https:\/\/www.allforhorses.ee\/ru\/wp-json\/wp\/v2\/types\/product"}],"wp:featuredmedia":[{"embeddable":true,"href":"https:\/\/www.allforhorses.ee\/ru\/wp-json\/wp\/v2\/media\/41834"}],"wp:attachment":[{"href":"https:\/\/www.allforhorses.ee\/ru\/wp-json\/wp\/v2\/media?parent=41824"}],"wp:term":[{"taxonomy":"product_brand","embeddable":true,"href":"https:\/\/www.allforhorses.ee\/ru\/wp-json\/wp\/v2\/product_brand?post=41824"},{"taxonomy":"product_cat","embeddable":true,"href":"https:\/\/www.allforhorses.ee\/ru\/wp-json\/wp\/v2\/product_cat?post=41824"},{"taxonomy":"product_tag","embeddable":true,"href":"https:\/\/www.allforhorses.ee\/ru\/wp-json\/wp\/v2\/product_tag?post=41824"}],"curies":[{"name":"wp","href":"https:\/\/api.w.org\/{rel}","templated":true}]}}