{"id":41441,"date":"2024-06-20T09:17:02","date_gmt":"2024-06-20T09:17:02","guid":{"rendered":"https:\/\/www.allforhorses.ee\/?post_type=product&#038;p=41441"},"modified":"2024-06-26T12:05:57","modified_gmt":"2024-06-26T12:05:57","slug":"hkm-laste-redingot-flora-kids","status":"publish","type":"product","link":"https:\/\/www.allforhorses.ee\/ru\/toode\/hkm-laste-redingot-flora-kids\/","title":{"rendered":"HKM Laste Redingot &#171;Flora Kids&#187;"},"content":{"rendered":"","protected":false},"excerpt":{"rendered":"<p><strong>HKM V\u00f5istluspintsak<\/strong>\u00a0on valmistatud hingavast ja musth\u00fclgavast materjalist, seljal l\u00f5hikud, n\u00f6\u00f6pide taga peidetud lukk, ei kortsu. Masinpestav 30 kraadi juures.<br \/>\nMaterjal: 90% pol\u00fceester, 10% elastaan.<\/p>\n<p><em>Tarne 10-14 t\u00f6\u00f6p\u00e4eva.<\/em><\/p>\n","protected":false},"featured_media":41462,"template":"","meta":[],"product_brand":[],"product_cat":[109,122,123],"product_tag":[],"class_list":{"0":"post-41441","1":"product","2":"type-product","3":"status-publish","4":"has-post-thumbnail","6":"product_cat-ratsariided","7":"product_cat-ratsajoped-ja-vestid","8":"product_cat-ratsajoped-ja-mantlid","10":"first","11":"instock","12":"taxable","13":"shipping-taxable","14":"purchasable","15":"product-type-variable"},"_links":{"self":[{"href":"https:\/\/www.allforhorses.ee\/ru\/wp-json\/wp\/v2\/product\/41441","targetHints":{"allow":["GET"]}}],"collection":[{"href":"https:\/\/www.allforhorses.ee\/ru\/wp-json\/wp\/v2\/product"}],"about":[{"href":"https:\/\/www.allforhorses.ee\/ru\/wp-json\/wp\/v2\/types\/product"}],"wp:featuredmedia":[{"embeddable":true,"href":"https:\/\/www.allforhorses.ee\/ru\/wp-json\/wp\/v2\/media\/41462"}],"wp:attachment":[{"href":"https:\/\/www.allforhorses.ee\/ru\/wp-json\/wp\/v2\/media?parent=41441"}],"wp:term":[{"taxonomy":"product_brand","embeddable":true,"href":"https:\/\/www.allforhorses.ee\/ru\/wp-json\/wp\/v2\/product_brand?post=41441"},{"taxonomy":"product_cat","embeddable":true,"href":"https:\/\/www.allforhorses.ee\/ru\/wp-json\/wp\/v2\/product_cat?post=41441"},{"taxonomy":"product_tag","embeddable":true,"href":"https:\/\/www.allforhorses.ee\/ru\/wp-json\/wp\/v2\/product_tag?post=41441"}],"curies":[{"name":"wp","href":"https:\/\/api.w.org\/{rel}","templated":true}]}}