{"id":40696,"date":"2024-06-01T12:45:48","date_gmt":"2024-06-01T12:45:48","guid":{"rendered":"https:\/\/www.allforhorses.ee\/?post_type=product&#038;p=40696"},"modified":"2025-07-28T09:31:20","modified_gmt":"2025-07-28T09:31:20","slug":"hkm-kaelaosaga-putukatekk-aqua","status":"publish","type":"product","link":"https:\/\/www.allforhorses.ee\/ru\/toode\/hkm-kaelaosaga-putukatekk-aqua\/","title":{"rendered":"HKM Kaelaosaga Putukatekk &#171;Aqua&#187;"},"content":{"rendered":"","protected":false},"excerpt":{"rendered":"<p><b>HKM Kaelaosa\u00a0<\/b><strong>ja K\u00f5huklapiga\u00a0<\/strong><b>Putukatekk<\/b><b>\u00a0<\/b>kaitseb hobuseid s\u00e4\u00e4skede ja k\u00e4rbeste eest. Vastupidav materjal. Fikseeritud kaelaosa, k\u00f5hualune kaitse, sabaklapp, sabaalune n\u00f6\u00f6r, elastsed jalarihmad. Saab takjakinnitusega p\u00e4itsete k\u00fclge kinni panna.<br \/>\nPutukatekk on masinpestav 30 kraadise pesuprogrammiga, 100% pol\u00fcester. Sobib pesukuivatisse.<\/p>\n<p>&nbsp;<\/p>\n<p><i>LAOS 135, 155cm.<br \/>\nTarne 10-14 t\u00f6\u00f6p\u00e4eva.<\/p>\n<p><\/i><\/p>\n","protected":false},"featured_media":40709,"template":"","meta":[],"product_brand":[],"product_cat":[158,244,248,204,207],"product_tag":[],"class_list":{"0":"post-40696","1":"product","2":"type-product","3":"status-publish","4":"has-post-thumbnail","6":"product_cat-hobusele","7":"product_cat-hobuste-tekid-tarvikud","8":"product_cat-putukatekid-hobuste-tekid-tarvikud","9":"product_cat-putukatorje-vahendid","10":"product_cat-putukatekid","12":"first","13":"instock","14":"taxable","15":"shipping-taxable","16":"purchasable","17":"product-type-variable"},"_links":{"self":[{"href":"https:\/\/www.allforhorses.ee\/ru\/wp-json\/wp\/v2\/product\/40696","targetHints":{"allow":["GET"]}}],"collection":[{"href":"https:\/\/www.allforhorses.ee\/ru\/wp-json\/wp\/v2\/product"}],"about":[{"href":"https:\/\/www.allforhorses.ee\/ru\/wp-json\/wp\/v2\/types\/product"}],"wp:featuredmedia":[{"embeddable":true,"href":"https:\/\/www.allforhorses.ee\/ru\/wp-json\/wp\/v2\/media\/40709"}],"wp:attachment":[{"href":"https:\/\/www.allforhorses.ee\/ru\/wp-json\/wp\/v2\/media?parent=40696"}],"wp:term":[{"taxonomy":"product_brand","embeddable":true,"href":"https:\/\/www.allforhorses.ee\/ru\/wp-json\/wp\/v2\/product_brand?post=40696"},{"taxonomy":"product_cat","embeddable":true,"href":"https:\/\/www.allforhorses.ee\/ru\/wp-json\/wp\/v2\/product_cat?post=40696"},{"taxonomy":"product_tag","embeddable":true,"href":"https:\/\/www.allforhorses.ee\/ru\/wp-json\/wp\/v2\/product_tag?post=40696"}],"curies":[{"name":"wp","href":"https:\/\/api.w.org\/{rel}","templated":true}]}}