{"id":40570,"date":"2024-06-01T10:52:44","date_gmt":"2024-06-01T10:52:44","guid":{"rendered":"https:\/\/www.allforhorses.ee\/?post_type=product&#038;p=40570"},"modified":"2024-06-11T09:15:59","modified_gmt":"2024-06-11T09:15:59","slug":"hkm-taisgrippidega-ratsapuksid-mesh","status":"publish","type":"product","link":"https:\/\/www.allforhorses.ee\/ru\/toode\/hkm-taisgrippidega-ratsapuksid-mesh\/","title":{"rendered":"HKM T\u00e4isgrippidega Ratsap\u00fcksid &#171;Mesh&#187;"},"content":{"rendered":"","protected":false},"excerpt":{"rendered":"<p><strong>HKM T\u00e4isgrippidega\u00a0Ratsap\u00fcksid <\/strong>\u00a0on hingavad, pehmed ja mugavad. P\u00fckstel on lukuga tasku, ees t\u00f5mblukk. \u00a0Masinpestav 30-kraadi juures, sobivad ka pesukuivatisse.<br \/>\nMaterjal: 84% puuvill, 16% elastaan.<\/p>\n<p><em>Tarne 10-14 t\u00f6\u00f6p\u00e4eva.<\/em><\/p>\n","protected":false},"featured_media":40621,"template":"","meta":[],"product_brand":[],"product_cat":[109,114,117],"product_tag":[],"class_list":{"0":"post-40570","1":"product","2":"type-product","3":"status-publish","4":"has-post-thumbnail","6":"product_cat-ratsariided","7":"product_cat-ratsapuksid","8":"product_cat-laste-ratsapuksid","10":"first","11":"instock","12":"taxable","13":"shipping-taxable","14":"purchasable","15":"product-type-variable"},"_links":{"self":[{"href":"https:\/\/www.allforhorses.ee\/ru\/wp-json\/wp\/v2\/product\/40570","targetHints":{"allow":["GET"]}}],"collection":[{"href":"https:\/\/www.allforhorses.ee\/ru\/wp-json\/wp\/v2\/product"}],"about":[{"href":"https:\/\/www.allforhorses.ee\/ru\/wp-json\/wp\/v2\/types\/product"}],"wp:featuredmedia":[{"embeddable":true,"href":"https:\/\/www.allforhorses.ee\/ru\/wp-json\/wp\/v2\/media\/40621"}],"wp:attachment":[{"href":"https:\/\/www.allforhorses.ee\/ru\/wp-json\/wp\/v2\/media?parent=40570"}],"wp:term":[{"taxonomy":"product_brand","embeddable":true,"href":"https:\/\/www.allforhorses.ee\/ru\/wp-json\/wp\/v2\/product_brand?post=40570"},{"taxonomy":"product_cat","embeddable":true,"href":"https:\/\/www.allforhorses.ee\/ru\/wp-json\/wp\/v2\/product_cat?post=40570"},{"taxonomy":"product_tag","embeddable":true,"href":"https:\/\/www.allforhorses.ee\/ru\/wp-json\/wp\/v2\/product_tag?post=40570"}],"curies":[{"name":"wp","href":"https:\/\/api.w.org\/{rel}","templated":true}]}}