{"id":40557,"date":"2024-05-31T20:54:46","date_gmt":"2024-05-31T20:54:46","guid":{"rendered":"https:\/\/www.allforhorses.ee\/?post_type=product&#038;p=40557"},"modified":"2025-01-29T10:27:36","modified_gmt":"2025-01-29T10:27:36","slug":"hkm-ratsakummikud-pepita","status":"publish","type":"product","link":"https:\/\/www.allforhorses.ee\/ru\/toode\/hkm-ratsakummikud-pepita\/","title":{"rendered":"HKM Ratsakummikud &#171;Pepita&#187;"},"content":{"rendered":"","protected":false},"excerpt":{"rendered":"<p><strong>HKM Ratsasaapad\u00a0<\/strong>on PVC materjalist.<br \/>\nV\u00e4rv: Must.<\/p>\n<p>Tarne 10-14 t\u00f6\u00f6p\u00e4eva.<\/p>\n","protected":false},"featured_media":40564,"template":"","meta":[],"product_brand":[],"product_cat":[109,110,111],"product_tag":[],"class_list":{"0":"post-40557","1":"product","2":"type-product","3":"status-publish","4":"has-post-thumbnail","6":"product_cat-ratsariided","7":"product_cat-ratsasaapad","8":"product_cat-poolsaapad","10":"first","11":"instock","12":"taxable","13":"shipping-taxable","14":"purchasable","15":"product-type-variable"},"_links":{"self":[{"href":"https:\/\/www.allforhorses.ee\/ru\/wp-json\/wp\/v2\/product\/40557","targetHints":{"allow":["GET"]}}],"collection":[{"href":"https:\/\/www.allforhorses.ee\/ru\/wp-json\/wp\/v2\/product"}],"about":[{"href":"https:\/\/www.allforhorses.ee\/ru\/wp-json\/wp\/v2\/types\/product"}],"wp:featuredmedia":[{"embeddable":true,"href":"https:\/\/www.allforhorses.ee\/ru\/wp-json\/wp\/v2\/media\/40564"}],"wp:attachment":[{"href":"https:\/\/www.allforhorses.ee\/ru\/wp-json\/wp\/v2\/media?parent=40557"}],"wp:term":[{"taxonomy":"product_brand","embeddable":true,"href":"https:\/\/www.allforhorses.ee\/ru\/wp-json\/wp\/v2\/product_brand?post=40557"},{"taxonomy":"product_cat","embeddable":true,"href":"https:\/\/www.allforhorses.ee\/ru\/wp-json\/wp\/v2\/product_cat?post=40557"},{"taxonomy":"product_tag","embeddable":true,"href":"https:\/\/www.allforhorses.ee\/ru\/wp-json\/wp\/v2\/product_tag?post=40557"}],"curies":[{"name":"wp","href":"https:\/\/api.w.org\/{rel}","templated":true}]}}