{"id":40515,"date":"2024-05-31T19:10:49","date_gmt":"2024-05-31T19:10:49","guid":{"rendered":"https:\/\/www.allforhorses.ee\/?post_type=product&#038;p=40515"},"modified":"2024-06-11T09:16:18","modified_gmt":"2024-06-11T09:16:18","slug":"hkm-seljakaitse-active-fit","status":"publish","type":"product","link":"https:\/\/www.allforhorses.ee\/ru\/toode\/hkm-seljakaitse-active-fit\/","title":{"rendered":"HKM Seljakaitse &#171;Active Fit&#187;"},"content":{"rendered":"","protected":false},"excerpt":{"rendered":"<p><strong>HKM Seljakaitse &#171;<span class=\"base\" data-ui-id=\"page-title-wrapper\">Active Fit<\/span>&#171;<\/strong> &#8212; h\u00e4sti hingav. Elastne ja kehaj\u00e4rgi kohanduv.<br \/>\nVastav turvalisuse standardile:\u00a0EN 1621-2-2014 level 1(motorbike back protector).<br \/>\nMaterjal: 90% pol\u00fceester, 10% elastaan.<br \/>\nMasinpestav 30-kraadisel temperatuuril (enne pesu tuleb kaitsepaneel eemaldada).<br \/>\nV\u00e4rv: must.<\/p>\n<p><em>Tarneaeg u 14 t\u00f6\u00f6p\u00e4eva.<\/em><\/p>\n<p>&nbsp;<\/p>\n","protected":false},"featured_media":40539,"template":"","meta":[],"product_brand":[],"product_cat":[109,131],"product_tag":[],"class_list":{"0":"post-40515","1":"product","2":"type-product","3":"status-publish","4":"has-post-thumbnail","6":"product_cat-ratsariided","7":"product_cat-ratsakiivrid-turvavestid","9":"first","10":"instock","11":"taxable","12":"shipping-taxable","13":"purchasable","14":"product-type-variable"},"_links":{"self":[{"href":"https:\/\/www.allforhorses.ee\/ru\/wp-json\/wp\/v2\/product\/40515","targetHints":{"allow":["GET"]}}],"collection":[{"href":"https:\/\/www.allforhorses.ee\/ru\/wp-json\/wp\/v2\/product"}],"about":[{"href":"https:\/\/www.allforhorses.ee\/ru\/wp-json\/wp\/v2\/types\/product"}],"wp:featuredmedia":[{"embeddable":true,"href":"https:\/\/www.allforhorses.ee\/ru\/wp-json\/wp\/v2\/media\/40539"}],"wp:attachment":[{"href":"https:\/\/www.allforhorses.ee\/ru\/wp-json\/wp\/v2\/media?parent=40515"}],"wp:term":[{"taxonomy":"product_brand","embeddable":true,"href":"https:\/\/www.allforhorses.ee\/ru\/wp-json\/wp\/v2\/product_brand?post=40515"},{"taxonomy":"product_cat","embeddable":true,"href":"https:\/\/www.allforhorses.ee\/ru\/wp-json\/wp\/v2\/product_cat?post=40515"},{"taxonomy":"product_tag","embeddable":true,"href":"https:\/\/www.allforhorses.ee\/ru\/wp-json\/wp\/v2\/product_tag?post=40515"}],"curies":[{"name":"wp","href":"https:\/\/api.w.org\/{rel}","templated":true}]}}