{"id":40437,"date":"2024-05-31T11:41:23","date_gmt":"2024-05-31T11:41:23","guid":{"rendered":"https:\/\/www.allforhorses.ee\/?post_type=product&#038;p=40437"},"modified":"2025-01-29T10:27:44","modified_gmt":"2025-01-29T10:27:44","slug":"hkm-maardumise-ja-putukatrikoo","status":"publish","type":"product","link":"https:\/\/www.allforhorses.ee\/ru\/toode\/hkm-maardumise-ja-putukatrikoo\/","title":{"rendered":"HKM M\u00e4\u00e4rdumise ja Putukatrikoo"},"content":{"rendered":"","protected":false},"excerpt":{"rendered":"<p><b>HKM M\u00e4\u00e4rdumise ja Putukatekk\u00a0<\/b><b>\u00a0<\/b>kaitseb hobuseid s\u00e4\u00e4skede ja k\u00e4rbeste,\u00a0m\u00e4\u00e4rdumise, h\u00f5\u00f5rumise ja kriimustuste eest. Elastne. Tekil on k\u00f5hukinnitus. Putukatekk on masinpestav 30 kraadise pesuprogrammiga.<\/p>\n<p><i>LAOS XL suurus.<br \/>\nTarne 14 t\u00f6\u00f6p\u00e4eva.<\/i><\/p>\n","protected":false},"featured_media":40463,"template":"","meta":[],"product_brand":[],"product_cat":[158,244,248,204,207],"product_tag":[],"class_list":{"0":"post-40437","1":"product","2":"type-product","3":"status-publish","4":"has-post-thumbnail","6":"product_cat-hobusele","7":"product_cat-hobuste-tekid-tarvikud","8":"product_cat-putukatekid-hobuste-tekid-tarvikud","9":"product_cat-putukatorje-vahendid","10":"product_cat-putukatekid","12":"first","13":"instock","14":"taxable","15":"shipping-taxable","16":"purchasable","17":"product-type-variable"},"_links":{"self":[{"href":"https:\/\/www.allforhorses.ee\/ru\/wp-json\/wp\/v2\/product\/40437","targetHints":{"allow":["GET"]}}],"collection":[{"href":"https:\/\/www.allforhorses.ee\/ru\/wp-json\/wp\/v2\/product"}],"about":[{"href":"https:\/\/www.allforhorses.ee\/ru\/wp-json\/wp\/v2\/types\/product"}],"wp:featuredmedia":[{"embeddable":true,"href":"https:\/\/www.allforhorses.ee\/ru\/wp-json\/wp\/v2\/media\/40463"}],"wp:attachment":[{"href":"https:\/\/www.allforhorses.ee\/ru\/wp-json\/wp\/v2\/media?parent=40437"}],"wp:term":[{"taxonomy":"product_brand","embeddable":true,"href":"https:\/\/www.allforhorses.ee\/ru\/wp-json\/wp\/v2\/product_brand?post=40437"},{"taxonomy":"product_cat","embeddable":true,"href":"https:\/\/www.allforhorses.ee\/ru\/wp-json\/wp\/v2\/product_cat?post=40437"},{"taxonomy":"product_tag","embeddable":true,"href":"https:\/\/www.allforhorses.ee\/ru\/wp-json\/wp\/v2\/product_tag?post=40437"}],"curies":[{"name":"wp","href":"https:\/\/api.w.org\/{rel}","templated":true}]}}