{"id":4013,"date":"2019-03-20T11:18:02","date_gmt":"2019-03-20T11:18:02","guid":{"rendered":"https:\/\/www.allforhorses.ee\/?post_type=product&#038;p=4013"},"modified":"2024-12-30T10:44:37","modified_gmt":"2024-12-30T10:44:37","slug":"kummist-masaazihari","status":"publish","type":"product","link":"https:\/\/www.allforhorses.ee\/ru\/toode\/kummist-masaazihari\/","title":{"rendered":"Kummist Masaa\u017eihari"},"content":{"rendered":"","protected":false},"excerpt":{"rendered":"<p><strong>Kummist Masaa\u017eihari<\/strong> on saadaval erinevates v\u00e4rvides. Kerge massaa\u017e parandab hobuse vereringet ja l\u00f5dvestab pingesse l\u00e4inud lihaseid.\u00a0V\u00e4ga hea abivahend hobuse karvkatte hooldamisel.<br \/>\nV\u00e4rv: sinine.<\/p>\n","protected":false},"featured_media":18214,"template":"","meta":[],"product_brand":[],"product_cat":[158,159,160,162],"product_tag":[],"class_list":{"0":"post-4013","1":"product","2":"type-product","3":"status-publish","4":"has-post-thumbnail","6":"product_cat-hobusele","7":"product_cat-hobuste-hooldusvahendid","8":"product_cat-hobuste-harjad","9":"product_cat-kummiharjad","11":"first","12":"instock","13":"taxable","14":"shipping-taxable","15":"purchasable","16":"product-type-simple"},"_links":{"self":[{"href":"https:\/\/www.allforhorses.ee\/ru\/wp-json\/wp\/v2\/product\/4013","targetHints":{"allow":["GET"]}}],"collection":[{"href":"https:\/\/www.allforhorses.ee\/ru\/wp-json\/wp\/v2\/product"}],"about":[{"href":"https:\/\/www.allforhorses.ee\/ru\/wp-json\/wp\/v2\/types\/product"}],"wp:featuredmedia":[{"embeddable":true,"href":"https:\/\/www.allforhorses.ee\/ru\/wp-json\/wp\/v2\/media\/18214"}],"wp:attachment":[{"href":"https:\/\/www.allforhorses.ee\/ru\/wp-json\/wp\/v2\/media?parent=4013"}],"wp:term":[{"taxonomy":"product_brand","embeddable":true,"href":"https:\/\/www.allforhorses.ee\/ru\/wp-json\/wp\/v2\/product_brand?post=4013"},{"taxonomy":"product_cat","embeddable":true,"href":"https:\/\/www.allforhorses.ee\/ru\/wp-json\/wp\/v2\/product_cat?post=4013"},{"taxonomy":"product_tag","embeddable":true,"href":"https:\/\/www.allforhorses.ee\/ru\/wp-json\/wp\/v2\/product_tag?post=4013"}],"curies":[{"name":"wp","href":"https:\/\/api.w.org\/{rel}","templated":true}]}}