{"id":39954,"date":"2024-04-29T11:43:30","date_gmt":"2024-04-29T11:43:30","guid":{"rendered":"https:\/\/www.allforhorses.ee\/?post_type=product&#038;p=39954"},"modified":"2024-04-29T11:45:45","modified_gmt":"2024-04-29T11:45:45","slug":"cavalor-hobuse-taiendsoot-muscle-motion-1kg","status":"publish","type":"product","link":"https:\/\/www.allforhorses.ee\/ru\/toode\/cavalor-hobuse-taiendsoot-muscle-motion-1kg\/","title":{"rendered":"Cavalor Hobuse T\u00e4iends\u00f6\u00f6t Muscle Motion 1kg"},"content":{"rendered":"<p><strong>Koostis:<\/strong> Dextroos, naatrium-bikarbonaat, magneesiumsulfaat, magneesiumatsetaat, MSM<br \/>\n<strong>Anal\u00fc\u00fctiline koostis:<\/strong> Toorvalk \u2013 8,18% \/ Toorrasv \u2013 2,5% \/ Toortuhk \u2013 21,5% \/ MSM \u2013 3% \/ Kaltsium &#8212; 1,02% \/ Naatrium \u2013 2,75% \/ Magneesium \u2013 1,5% \/ naatrium-bikarbonaat \u2013 10% \/ DSM \u2013 104,811 mg\/kg \/ Vit C &#8212; 26005mg\/kg \/ Vitamiin E &#8212; 41902 IU\/kg \/ Vitamiin B2 &#8212; 1600 mg\/kg \/ Vitamiin B1 &#8212; 5000 mg\/kg \/ Vitamiin B12 &#8212; 20 mg\/kg \/ Mangaan &#8212; 1650mg\/kg \/ Tsink \u2013 1031 mg\/kg \/ Seleen &#8212; 10 mg\/kg.<\/p>\n","protected":false},"excerpt":{"rendered":"<p><strong>Cavalor Hobuse T\u00e4iends\u00f6\u00f6t Muscle Motion <\/strong>&#8212; \u2013 lihaste toetuseks ja hoolduseks<br \/>\nPakub toetavat lihaste hoolt tagamaks terve lihaste funktsioon.<br \/>\nTreeningute ja v\u00f5istluste ajal tekivad k\u00f5rvalproduktid nagu piimhape ja vabad radikalid, mis v\u00f5ivad kahjustada lihasrakke. V\u00e4hendades neid kahjustavaid m\u00f5jusid hoiab muscle motion hobuse elastsena. Koostises on lisaks vitamiin E\u2019le ja sleenile tugev segu antioks\u00fcdantidest ja puhvritest koos magneesiumi ja MSM\u2019ga. Mitte ainult ei toeta lihasrakke treeningu ajal vaid ka kaitseb neid.<br \/>\n<strong>Kasutamine:<\/strong> Lisa igap\u00e4evaselt s\u00f6\u00f6dale 2x15g v\u00f5i vastavalt vajadusele. 1 m\u00f5\u00f5dukopsik 15g. Maksimum p\u00e4evane annus 120g.<br \/>\nKui treeningkoormus suurem siis kasuta Cavalor Muscle fit v\u00f5i Cavalor Lactatec.<\/p>\n","protected":false},"featured_media":39957,"template":"","meta":[],"product_brand":[],"product_cat":[158,672,250,251,259],"product_tag":[],"class_list":{"0":"post-39954","1":"product","2":"type-product","3":"status-publish","4":"has-post-thumbnail","6":"product_cat-hobusele","7":"product_cat-hobusoodad-hobusele","8":"product_cat-maiustused","9":"product_cat-soodalisandid","10":"product_cat-hobuste-tervisehoid","12":"first","13":"instock","14":"taxable","15":"shipping-taxable","16":"purchasable","17":"product-type-simple"},"_links":{"self":[{"href":"https:\/\/www.allforhorses.ee\/ru\/wp-json\/wp\/v2\/product\/39954","targetHints":{"allow":["GET"]}}],"collection":[{"href":"https:\/\/www.allforhorses.ee\/ru\/wp-json\/wp\/v2\/product"}],"about":[{"href":"https:\/\/www.allforhorses.ee\/ru\/wp-json\/wp\/v2\/types\/product"}],"wp:featuredmedia":[{"embeddable":true,"href":"https:\/\/www.allforhorses.ee\/ru\/wp-json\/wp\/v2\/media\/39957"}],"wp:attachment":[{"href":"https:\/\/www.allforhorses.ee\/ru\/wp-json\/wp\/v2\/media?parent=39954"}],"wp:term":[{"taxonomy":"product_brand","embeddable":true,"href":"https:\/\/www.allforhorses.ee\/ru\/wp-json\/wp\/v2\/product_brand?post=39954"},{"taxonomy":"product_cat","embeddable":true,"href":"https:\/\/www.allforhorses.ee\/ru\/wp-json\/wp\/v2\/product_cat?post=39954"},{"taxonomy":"product_tag","embeddable":true,"href":"https:\/\/www.allforhorses.ee\/ru\/wp-json\/wp\/v2\/product_tag?post=39954"}],"curies":[{"name":"wp","href":"https:\/\/api.w.org\/{rel}","templated":true}]}}