{"id":39532,"date":"2024-04-23T07:32:13","date_gmt":"2024-04-23T07:32:13","guid":{"rendered":"https:\/\/www.allforhorses.ee\/?post_type=product&#038;p=39532"},"modified":"2024-12-12T20:11:45","modified_gmt":"2024-12-12T20:11:45","slug":"hkm-laste-t-sark-bibitina-horse","status":"publish","type":"product","link":"https:\/\/www.allforhorses.ee\/ru\/toode\/hkm-laste-t-sark-bibitina-horse\/","title":{"rendered":"HKM Laste T-S\u00e4rk &#171;Bibi&#038;Tina Horse&#187;"},"content":{"rendered":"","protected":false},"excerpt":{"rendered":"<p><strong>HKM Laste T-S\u00e4rk\u00a0<\/strong><br \/>\nMaterjal: 100% puuvill.<br \/>\nMasinpestav sarnaste toonidega 30 kraadiga.<\/p>\n<p><em>LAOS 128cm suurus.<\/em><br \/>\n<em>\u00dclej\u00e4\u00e4nud ettetellimisel. Tarne 10-14 t\u00f6\u00f6p\u00e4eva.<\/em><\/p>\n","protected":false},"featured_media":39545,"template":"","meta":[],"product_brand":[],"product_cat":[109,735,125,126],"product_tag":[],"class_list":{"0":"post-39532","1":"product","2":"type-product","3":"status-publish","4":"has-post-thumbnail","6":"product_cat-ratsariided","7":"product_cat-allahindlus","8":"product_cat-ratsasargid-ja-pluusid","9":"product_cat-t-sargid","11":"first","12":"instock","13":"sale","14":"taxable","15":"shipping-taxable","16":"purchasable","17":"product-type-variable"},"_links":{"self":[{"href":"https:\/\/www.allforhorses.ee\/ru\/wp-json\/wp\/v2\/product\/39532","targetHints":{"allow":["GET"]}}],"collection":[{"href":"https:\/\/www.allforhorses.ee\/ru\/wp-json\/wp\/v2\/product"}],"about":[{"href":"https:\/\/www.allforhorses.ee\/ru\/wp-json\/wp\/v2\/types\/product"}],"wp:featuredmedia":[{"embeddable":true,"href":"https:\/\/www.allforhorses.ee\/ru\/wp-json\/wp\/v2\/media\/39545"}],"wp:attachment":[{"href":"https:\/\/www.allforhorses.ee\/ru\/wp-json\/wp\/v2\/media?parent=39532"}],"wp:term":[{"taxonomy":"product_brand","embeddable":true,"href":"https:\/\/www.allforhorses.ee\/ru\/wp-json\/wp\/v2\/product_brand?post=39532"},{"taxonomy":"product_cat","embeddable":true,"href":"https:\/\/www.allforhorses.ee\/ru\/wp-json\/wp\/v2\/product_cat?post=39532"},{"taxonomy":"product_tag","embeddable":true,"href":"https:\/\/www.allforhorses.ee\/ru\/wp-json\/wp\/v2\/product_tag?post=39532"}],"curies":[{"name":"wp","href":"https:\/\/api.w.org\/{rel}","templated":true}]}}